{"id":10083,"date":"2024-11-05T21:00:45","date_gmt":"2024-11-06T02:00:45","guid":{"rendered":"https:\/\/darkgrey-parrot-741902.hostingersite.com\/?page_id=10083"},"modified":"2025-01-02T15:44:07","modified_gmt":"2025-01-02T20:44:07","slug":"accounting-outsourcing-bpo","status":"publish","type":"page","link":"https:\/\/crcontadores.com.pa\/en\/services\/accounting-outsourcing-bpo\/","title":{"rendered":"OUTSOURCING"},"content":{"rendered":"<div data-elementor-type=\"wp-page\" data-elementor-id=\"10083\" class=\"elementor elementor-10083\" data-elementor-post-type=\"page\">\n\t\t\t\t        <section data-particle_enable=\"false\" data-particle-mobile-disabled=\"false\" class=\"elementor-section elementor-top-section elementor-element elementor-element-3115afdc elementor-section-stretched elementor-section-full_width elementor-section-content-middle elementor-section-height-default elementor-section-height-default ct-header-fixed-none ct-column-none ct-row-scroll-none ct-row-gradient--none ct-container-none\" data-id=\"3115afdc\" data-element_type=\"section\" data-settings=\"{&quot;stretch_section&quot;:&quot;section-stretched&quot;,&quot;background_background&quot;:&quot;classic&quot;}\">\n            \n                        <div class=\"elementor-container elementor-column-gap-extended\">\n                    <div class=\"elementor-column elementor-col-50 elementor-top-column elementor-element elementor-element-7350c42 col-offset-left ct-column-none col-color-offset-none\" data-id=\"7350c42\" data-element_type=\"column\">\n        <div class=\"elementor-widget-wrap elementor-element-populated\">\n                    \n        \t\t<div class=\"elementor-element elementor-element-41253f51 elementor-widget__width-auto elementor-absolute elementor-widget elementor-widget-ct_social\" data-id=\"41253f51\" data-element_type=\"widget\" data-settings=\"{&quot;_position&quot;:&quot;absolute&quot;}\" data-widget_type=\"ct_social.default\">\n\t\t\t\t<div class=\"elementor-widget-container\">\n\t\t\t\t\t    <div id=\"ct_social-41253f51\" class=\"ct-social-icon2\">\r\n        <div class=\"ct-inline-css\"  data-css=\"                    #ct_social-41253f51.ct-social-icon2 a:before {                background-image: -webkit-gradient(linear, left top, right top, from(#2439FF), to(#9000FF));                background-image: -webkit-linear-gradient(to left, #2439FF, #9000FF);                background-image: -moz-linear-gradient(to left, #2439FF, #9000FF);                background-image: -ms-linear-gradient(to left, #2439FF, #9000FF);                background-image: -o-linear-gradient(to left, #2439FF, #9000FF);                background-image: linear-gradient(to left, #2439FF, #9000FF);                filter: progid:DXImageTransform.Microsoft.gradient(startColorStr='#2439FF', endColorStr='#9000FF', gradientType='1');            }        \">\r\n    <\/div>\r\n                                    <a class=\"ct_social-41253f51-0 icon-actived\" href=\"#\">\r\n                    <i aria-hidden=\"true\" class=\"fab fa-facebook-f\"><\/i>                                    <\/a>\r\n                                                <a class=\"ct_social-41253f51-1 icon-actived\" href=\"#\">\r\n                    <i aria-hidden=\"true\" class=\"fab fa-twitter\"><\/i>                                    <\/a>\r\n                                                <a class=\"ct_social-41253f51-2 icon-actived\" href=\"#\">\r\n                    <i aria-hidden=\"true\" class=\"fab fa-instagram\"><\/i>                                    <\/a>\r\n                            <label class=\"el-empty\">Follow Us<\/label>\r\n    <\/div>\r\n\t\t\t\t<\/div>\n\t\t\t\t<\/div>\n\t\t\t\t<div class=\"elementor-element elementor-element-7cb4870c elementor-widget elementor-widget-ct_heading\" data-id=\"7cb4870c\" data-element_type=\"widget\" data-widget_type=\"ct_heading.default\">\n\t\t\t\t<div class=\"elementor-widget-container\">\n\t\t\t\t\t<div id=\"ct_heading-7cb4870c\" class=\"ct-heading h-align- item-st-default highlight-style1\">\r\n  <div class=\"ct-heading--inner\"> \r\n    <div class=\"ct-inline-css\"  data-css=\"                    #ct_heading-7cb4870c.ct-heading .ct-text-highlight {                background-image: -webkit-gradient(linear, left top, left bottom, from(#8D64AA), to(#8D64AA));                background-image: -webkit-linear-gradient(to left, #8D64AA, #8D64AA);                background-image: -moz-linear-gradient(to left, #8D64AA, #8D64AA);                background-image: -ms-linear-gradient(to left, #8D64AA, #8D64AA);                background-image: -o-linear-gradient(to left, #8D64AA, #8D64AA);                background-image: linear-gradient(to left, #8D64AA, #8D64AA);                filter: progid:DXImageTransform.Microsoft.gradient(startColorStr='#8D64AA', endColorStr='#8D64AA');                background-color: transparent;                background-clip: text;                -o-background-clip: text;                -ms-background-clip: text;                -moz-background-clip: text;                -webkit-background-clip: text;                text-fill-color: transparent;                -o-text-fill-color: transparent;                -ms-text-fill-color: transparent;                -moz-text-fill-color: transparent;                -webkit-text-fill-color: transparent;            }                            #ct_heading-7cb4870c.ct-heading .item--sub-title span {                background-image: -webkit-gradient(linear, left top, left bottom, from(#8D64AA), to(#8D64AA));                background-image: -webkit-linear-gradient(to left, #8D64AA, #8D64AA);                background-image: -moz-linear-gradient(to left, #8D64AA, #8D64AA);                background-image: -ms-linear-gradient(to left, #8D64AA, #8D64AA);                background-image: -o-linear-gradient(to left, #8D64AA, #8D64AA);                background-image: linear-gradient(to left, #8D64AA, #8D64AA);                filter: progid:DXImageTransform.Microsoft.gradient(startColorStr='#8D64AA', endColorStr='#8D64AA');                background-color: transparent;                background-clip: text;                -o-background-clip: text;                -ms-background-clip: text;                -moz-background-clip: text;                -webkit-background-clip: text;                text-fill-color: transparent;                -o-text-fill-color: transparent;                -ms-text-fill-color: transparent;                -moz-text-fill-color: transparent;                -webkit-text-fill-color: transparent;            }                        \">\r\n    <\/div>\r\n      <div class=\"item--text-below\">\r\n      <div class=\"ct-inline-css\"  data-css=\"        \">\r\n      <\/div>\r\n          <\/div>\r\n  \r\n\t\t\t<div class=\"item--sub-title style-box-gr\" data-wow-delay=\"ms\">\r\n                        <span>\r\n                Service            <\/span>\r\n                    <\/div>\r\n\t    <h3 class=\"item--title st-default\" data-wow-delay=\"ms\">\r\n        <span class=\"ct-text-inner\">ACCOUNTING         <cite class=\"ct-text-highlight\">\r\n             OUTSOURCING        <\/cite>\r\n        <\/span>    <\/h3>\r\n  <\/div>\r\n<\/div>\r\n\t\t\t\t<\/div>\n\t\t\t\t<\/div>\n\t\t\t\t<div class=\"elementor-element elementor-element-4ebce8c0 elementor-widget-divider--view-line elementor-widget elementor-widget-divider\" data-id=\"4ebce8c0\" data-element_type=\"widget\" data-widget_type=\"divider.default\">\n\t\t\t\t<div class=\"elementor-widget-container\">\n\t\t\t\t\t\t\t<div class=\"elementor-divider\">\n\t\t\t<span class=\"elementor-divider-separator\">\n\t\t\t\t\t\t<\/span>\n\t\t<\/div>\n\t\t\t\t\t\t<\/div>\n\t\t\t\t<\/div>\n\t\t\t\t<div class=\"elementor-element elementor-element-522c9776 elementor-widget elementor-widget-ct_text_editor\" data-id=\"522c9776\" data-element_type=\"widget\" data-widget_type=\"ct_text_editor.default\">\n\t\t\t\t<div class=\"elementor-widget-container\">\n\t\t\t\t\t<div id=\"ct_text_editor-522c9776\" class=\"ct-text-editor\" data-wow-delay=\"ms\">\n\t<div class=\"ct-item--inner\">\n\t\t<div class=\"ct-inline-css\"  data-css=\"\t        \t\t\t\">\n\n\t    <\/div>\n\t\t<div class=\"ct-text-editor elementor-clearfix\">\n\t\t\t<p>We offer comprehensive services for recording, analyzing, and preparing monthly accounting books, covering the entire accounting cycle in different systems to ensure compliance with the Commercial Code of Panama and applicable accounting regulations.<\/p>\t\t\n\t\t<\/div>\n\t<\/div>\n<\/div>\t\t\t\t<\/div>\n\t\t\t\t<\/div>\n\t\t            <\/div>\n        <\/div>\n                <div class=\"elementor-column elementor-col-50 elementor-top-column elementor-element elementor-element-1d418be0 col-offset-right-xl ct-column-none col-color-offset-none\" data-id=\"1d418be0\" data-element_type=\"column\">\n        <div class=\"elementor-widget-wrap elementor-element-populated\">\n                    \n        \t\t<div class=\"elementor-element elementor-element-7528966b elementor-widget elementor-widget-ct_particle_animate\" data-id=\"7528966b\" data-element_type=\"widget\" data-widget_type=\"ct_particle_animate.default\">\n\t\t\t\t<div class=\"elementor-widget-container\">\n\t\t\t\t\t\t<div class=\"ct-particle-animate el-move-inner img-below-content\" data-wow-delay=\"ms\">\r\n\t\t\t\t    <div id=\"ct_particle_animate-7528966b0\" class=\"top-left shape-animate5\" >\r\n\t\t    \t\t\t\t    \t<div class=\"ct-inline-css\"  data-css=\"\t\t\t            .ct-particle-animate #ct_particle_animate-7528966b0 {\t\t\t                left: -40px;\t\t\t                top: 0px;\t\t\t            }\">\r\n\t\t\t        <\/div>\r\n\t\t\t    \t\t\t    \t\t\t    \t\t\t    \t\t    \t<img decoding=\"async\" width=\"48\" height=\"184\" src=\"https:\/\/crcontadores.com.pa\/wp-content\/uploads\/2021\/11\/h3-shape1.png\" class=\"attachment-full\" alt=\"\" loading=\"lazy\" \/>\t\t\r\n\t\t    <\/div>\r\n\t\t\t<\/div>\r\n\t\t\t\t<\/div>\n\t\t\t\t<\/div>\n\t\t\t\t<div class=\"elementor-element elementor-element-4ab33719 elementor-widget elementor-widget-ct_gallery_carousel\" data-id=\"4ab33719\" data-element_type=\"widget\" data-widget_type=\"ct_gallery_carousel.default\">\n\t\t\t\t<div class=\"elementor-widget-container\">\n\t\t\t\t\t    <div class=\"ct-gallery-carousel1 ct-slick-slider slick-dots-style3 style1\">\r\n        <div class=\"ct-carousel-inner\">\r\n            <div class=\"ct-slick-carousel slick-shadow\" data-arrows=\"\" data-dots=\"\" data-pauseonhover=\"\" data-autoplay=\"\" data-autoplayspeed=\"5000\" data-infinite=\"true\" data-speed=\"500\" data-colxs=\"1\" data-colsm=\"1\" data-colmd=\"1\" data-collg=\"1\" data-colxl=\"1\" data-dir=\"false\" data-slidestoscroll=\"1\" data-fade=\"true\">\r\n                                    <div class=\"carousel-item slick-slide\">\r\n                        <div class=\"item--inner\">\r\n                            <a href=\"https:\/\/crcontadores.com.pa\/wp-content\/uploads\/2024\/12\/Contabilidad-Outsourcing-1-scaled.jpeg\">\r\n                                <img fetchpriority=\"high\" decoding=\"async\" class=\"\" src=\"https:\/\/crcontadores.com.pa\/wp-content\/uploads\/2024\/12\/Contabilidad-Outsourcing-1-scaled-840x630.jpeg\" width=\"840\" height=\"630\" alt=\"Team work process. young business managers crew working with new startup project. laptop on wood table, typing keyboard, texting message, analyze graph plans.\" title=\"Team work process. young business managers crew working with new\" \/>                            <\/a>\r\n                        <\/div>\r\n                    <\/div>\r\n                            <\/div>\r\n        <\/div>\r\n    <\/div>\r\n\t\t\t\t<\/div>\n\t\t\t\t<\/div>\n\t\t            <\/div>\n        <\/div>\n                    <\/div>\n        <\/section>\n                <section data-particle_enable=\"false\" data-particle-mobile-disabled=\"false\" class=\"elementor-section elementor-top-section elementor-element elementor-element-42cdd794 ct-row-scroll-fixed ct-column-order elementor-section-boxed elementor-section-height-default elementor-section-height-default ct-header-fixed-none ct-row-gradient--none\" data-id=\"42cdd794\" data-element_type=\"section\" data-settings=\"{&quot;background_background&quot;:&quot;classic&quot;}\">\n            \n                        <div class=\"elementor-container elementor-column-gap-extended\">\n                    <div class=\"elementor-column elementor-col-33 elementor-top-column elementor-element elementor-element-27b84d52 ct-column-sticky col-offset-none col-color-offset-none\" data-id=\"27b84d52\" data-element_type=\"column\">\n        <div class=\"elementor-widget-wrap elementor-element-populated\">\n                    \n        \t\t<div class=\"elementor-element elementor-element-1422aa0e elementor-widget elementor-widget-ct_info_box\" data-id=\"1422aa0e\" data-element_type=\"widget\" data-widget_type=\"ct_info_box.default\">\n\t\t\t\t<div class=\"elementor-widget-container\">\n\t\t\t\t\t<div class=\"ct-info-box ct-info-box1 bg-image wow fadeInUp\" style=\"background-image:url(http:\/\/crcontadores.com.pa\/wp-content\/uploads\/2024\/12\/servicio2-crcontadores.png);\" data-wow-delay=\"ms\">\r\n\t<div class=\"ct-infobox-inner\">\r\n\t\t<div class=\"item--subtitle el-empty\"><\/div>\r\n\t\t<div class=\"item--title el-empty\">For more information<\/div>\r\n\t\t<div class=\"item--phone el-empty\">..........<\/div>\r\n\t\t<div class=\"item--desc el-empty\"><\/div>\r\n\t\t\t\t\t<a class=\"ct-info-button\" href=\"https:\/\/darkgrey-parrot-741902.hostingersite.com\/contacto\/\">Contact us<i class=\"fas fa-link\"><\/i><\/a>\r\n\t\t\t<\/div>\r\n<\/div>\t\t\t\t<\/div>\n\t\t\t\t<\/div>\n\t\t\t\t<div class=\"elementor-element elementor-element-357da7c elementor-widget elementor-widget-ct_link\" data-id=\"357da7c\" data-element_type=\"widget\" data-widget_type=\"ct_link.default\">\n\t\t\t\t<div class=\"elementor-widget-container\">\n\t\t\t\t\t    <div class=\"ct-link1 style1 wow fadeInUp\">\r\n        <ul class=\"ct-link-items\">\r\n                                <li>\r\n                        <a href=\"https:\/\/darkgrey-parrot-741902.hostingersite.com\/servicios\/auditorias\/\">\r\n                                                        AUDIT                        <\/a>\r\n                    <\/li>\r\n                                <li>\r\n                        <a href=\"https:\/\/darkgrey-parrot-741902.hostingersite.com\/servicios\/fiscal-y-tributacion\/\">\r\n                                                        TAX                        <\/a>\r\n                    <\/li>\r\n                                <li>\r\n                        <a href=\"https:\/\/darkgrey-parrot-741902.hostingersite.com\/servicios\/consultoria\/\">\r\n                                                        ADVISORY                        <\/a>\r\n                    <\/li>\r\n                    <\/ul>\r\n    <\/div>\r\n\t\t\t\t<\/div>\n\t\t\t\t<\/div>\n\t\t            <\/div>\n        <\/div>\n                <div class=\"elementor-column elementor-col-66 elementor-top-column elementor-element elementor-element-71b3cde1 ct-column-none col-offset-none col-color-offset-none\" data-id=\"71b3cde1\" data-element_type=\"column\">\n        <div class=\"elementor-widget-wrap elementor-element-populated\">\n                    \n        \t\t<div class=\"elementor-element elementor-element-dfe74bd elementor-widget elementor-widget-ct_list\" data-id=\"dfe74bd\" data-element_type=\"widget\" data-widget_type=\"ct_list.default\">\n\t\t\t\t<div class=\"elementor-widget-container\">\n\t\t\t\t\t    <div class=\"ct-list\">\r\n                    <div class=\"ct-list-item wow fadeInUp\">\r\n                                    <div class=\"ct-list-icon\">\r\n                        <i aria-hidden=\"true\" class=\"fas fa-clipboard-check\"><\/i>                    <\/div>\r\n                            \t<div class=\"ct-list-content\">\r\n\t            \tAccounting records\t            <\/div>\r\n           <\/div>\r\n                    <div class=\"ct-list-item wow fadeInUp\">\r\n                                    <div class=\"ct-list-icon\">\r\n                        <i aria-hidden=\"true\" class=\"fas fa-clipboard-check\"><\/i>                    <\/div>\r\n                            \t<div class=\"ct-list-content\">\r\n\t            \tBank reconciliations\t            <\/div>\r\n           <\/div>\r\n                    <div class=\"ct-list-item wow fadeInUp\">\r\n                                    <div class=\"ct-list-icon\">\r\n                        <i aria-hidden=\"true\" class=\"fas fa-clipboard-check\"><\/i>                    <\/div>\r\n                            \t<div class=\"ct-list-content\">\r\n\t            \tAccounts Receivable Assistants\t            <\/div>\r\n           <\/div>\r\n                    <div class=\"ct-list-item wow fadeInUp\">\r\n                                    <div class=\"ct-list-icon\">\r\n                        <i aria-hidden=\"true\" class=\"fas fa-clipboard-check\"><\/i>                    <\/div>\r\n                            \t<div class=\"ct-list-content\">\r\n\t            \tFixed assets assistants or plant &amp; equipment ownership\t            <\/div>\r\n           <\/div>\r\n                    <div class=\"ct-list-item wow fadeInUp\">\r\n                                    <div class=\"ct-list-icon\">\r\n                        <i aria-hidden=\"true\" class=\"fas fa-clipboard-check\"><\/i>                    <\/div>\r\n                            \t<div class=\"ct-list-content\">\r\n\t            \tAccounts Payable Assistant\t            <\/div>\r\n           <\/div>\r\n                    <div class=\"ct-list-item wow fadeInUp\">\r\n                                    <div class=\"ct-list-icon\">\r\n                        <i aria-hidden=\"true\" class=\"fas fa-clipboard-check\"><\/i>                    <\/div>\r\n                            \t<div class=\"ct-list-content\">\r\n\t            \tPayroll calculation \t            <\/div>\r\n           <\/div>\r\n                    <div class=\"ct-list-item wow fadeInUp\">\r\n                                    <div class=\"ct-list-icon\">\r\n                        <i aria-hidden=\"true\" class=\"fas fa-clipboard-check\"><\/i>                    <\/div>\r\n                            \t<div class=\"ct-list-content\">\r\n\t            \tCalculations for vacations, 13th month, labor benefits\t            <\/div>\r\n           <\/div>\r\n                    <div class=\"ct-list-item wow fadeInUp\">\r\n                                    <div class=\"ct-list-icon\">\r\n                        <i aria-hidden=\"true\" class=\"fas fa-clipboard-check\"><\/i>                    <\/div>\r\n                            \t<div class=\"ct-list-content\">\r\n\t            \tLabor Reserves Calculations\t            <\/div>\r\n           <\/div>\r\n                    <div class=\"ct-list-item wow fadeInUp\">\r\n                                    <div class=\"ct-list-icon\">\r\n                        <i aria-hidden=\"true\" class=\"fas fa-clipboard-check\"><\/i>                    <\/div>\r\n                            \t<div class=\"ct-list-content\">\r\n\t            \tCalculation of leasing tables\t            <\/div>\r\n           <\/div>\r\n                    <div class=\"ct-list-item wow fadeInUp\">\r\n                                    <div class=\"ct-list-icon\">\r\n                        <i aria-hidden=\"true\" class=\"fas fa-clipboard-check\"><\/i>                    <\/div>\r\n                            \t<div class=\"ct-list-content\">\r\n\t            \tAccounting advice according to GAAP, Tax Code, IFRS, and IAS\t            <\/div>\r\n           <\/div>\r\n                    <div class=\"ct-list-item wow fadeInUp\">\r\n                                    <div class=\"ct-list-icon\">\r\n                        <i aria-hidden=\"true\" class=\"fas fa-clipboard-check\"><\/i>                    <\/div>\r\n                            \t<div class=\"ct-list-content\">\r\n\t            \tProjected cash flows\t            <\/div>\r\n           <\/div>\r\n                    <div class=\"ct-list-item wow fadeInUp\">\r\n                                    <div class=\"ct-list-icon\">\r\n                        <i aria-hidden=\"true\" class=\"fas fa-clipboard-check\"><\/i>                    <\/div>\r\n                            \t<div class=\"ct-list-content\">\r\n\t            \tIncome Certifications\t            <\/div>\r\n           <\/div>\r\n            <\/div>\r\n\t\t\t\t<\/div>\n\t\t\t\t<\/div>\n\t\t        <section data-particle_enable=\"false\" data-particle-mobile-disabled=\"false\" class=\"elementor-section elementor-inner-section elementor-element elementor-element-43b87152 elementor-section-boxed elementor-section-height-default elementor-section-height-default ct-header-fixed-none ct-column-none ct-row-scroll-none ct-row-gradient--none\" data-id=\"43b87152\" data-element_type=\"section\">\n            \n                        <div class=\"elementor-container elementor-column-gap-extended\">\n                    <div class=\"elementor-column elementor-col-50 elementor-inner-column elementor-element elementor-element-334a255 ct-column-none col-offset-none col-color-offset-none\" data-id=\"334a255\" data-element_type=\"column\">\n        <div class=\"elementor-widget-wrap\">\n                    \n                    <\/div>\n        <\/div>\n                <div class=\"elementor-column elementor-col-50 elementor-inner-column elementor-element elementor-element-64f1093d ct-column-none col-offset-none col-color-offset-none\" data-id=\"64f1093d\" data-element_type=\"column\">\n        <div class=\"elementor-widget-wrap\">\n                    \n                    <\/div>\n        <\/div>\n                    <\/div>\n        <\/section>\n                    <\/div>\n        <\/div>\n                    <\/div>\n        <\/section>\n        \t\t<\/div>","protected":false},"excerpt":{"rendered":"<p>Follow Us Servicio CONTABILIDAD OUTSOURCING Ofrecemos servicios integrales de registros, an\u00e1lisis y confecciones de libros contables mensuales, abarcando todo el ciclo contable en distintos sistemas para garantizar el cumplimiento del C\u00f3digo de Comercio de Panam\u00e1 y las normativas contables aplicables. Para mayor informaci\u00f3n &#8230;&#8230;&#8230;. Cont\u00e1ctenos AUDITOR\u00cdAS FISCAL Y TRIBUTACI\u00d3N CONSULTOR\u00cdA Registros contables Conciliaciones bancarias Auxiliares [&hellip;]<\/p>","protected":false},"author":1,"featured_media":0,"parent":10081,"menu_order":0,"comment_status":"closed","ping_status":"closed","template":"","meta":{"footnotes":""},"class_list":["post-10083","page","type-page","status-publish","hentry"],"_links":{"self":[{"href":"https:\/\/crcontadores.com.pa\/en\/wp-json\/wp\/v2\/pages\/10083","targetHints":{"allow":["GET"]}}],"collection":[{"href":"https:\/\/crcontadores.com.pa\/en\/wp-json\/wp\/v2\/pages"}],"about":[{"href":"https:\/\/crcontadores.com.pa\/en\/wp-json\/wp\/v2\/types\/page"}],"author":[{"embeddable":true,"href":"https:\/\/crcontadores.com.pa\/en\/wp-json\/wp\/v2\/users\/1"}],"replies":[{"embeddable":true,"href":"https:\/\/crcontadores.com.pa\/en\/wp-json\/wp\/v2\/comments?post=10083"}],"version-history":[{"count":0,"href":"https:\/\/crcontadores.com.pa\/en\/wp-json\/wp\/v2\/pages\/10083\/revisions"}],"up":[{"embeddable":true,"href":"https:\/\/crcontadores.com.pa\/en\/wp-json\/wp\/v2\/pages\/10081"}],"wp:attachment":[{"href":"https:\/\/crcontadores.com.pa\/en\/wp-json\/wp\/v2\/media?parent=10083"}],"curies":[{"name":"wp","href":"https:\/\/api.w.org\/{rel}","templated":true}]}}