{"id":10849,"date":"2024-11-13T14:52:50","date_gmt":"2024-11-13T19:52:50","guid":{"rendered":"https:\/\/darkgrey-parrot-741902.hostingersite.com\/?page_id=10849"},"modified":"2025-01-02T15:44:41","modified_gmt":"2025-01-02T20:44:41","slug":"audits","status":"publish","type":"page","link":"https:\/\/crcontadores.com.pa\/en\/services\/audits\/","title":{"rendered":"AUDIT"},"content":{"rendered":"<div data-elementor-type=\"wp-page\" data-elementor-id=\"10849\" class=\"elementor elementor-10849\" data-elementor-post-type=\"page\">\n\t\t\t\t        <section data-particle_enable=\"false\" data-particle-mobile-disabled=\"false\" class=\"elementor-section elementor-top-section elementor-element elementor-element-6ea78d50 elementor-section-stretched elementor-section-full_width elementor-section-content-middle elementor-section-height-default elementor-section-height-default ct-header-fixed-none ct-column-none ct-row-scroll-none ct-row-gradient--none ct-container-none\" data-id=\"6ea78d50\" data-element_type=\"section\" data-settings=\"{&quot;stretch_section&quot;:&quot;section-stretched&quot;,&quot;background_background&quot;:&quot;classic&quot;}\">\n            \n                        <div class=\"elementor-container elementor-column-gap-extended\">\n                    <div class=\"elementor-column elementor-col-50 elementor-top-column elementor-element elementor-element-f3911cd col-offset-left ct-column-none col-color-offset-none\" data-id=\"f3911cd\" data-element_type=\"column\">\n        <div class=\"elementor-widget-wrap elementor-element-populated\">\n                    \n        \t\t<div class=\"elementor-element elementor-element-51672cbe elementor-widget__width-auto elementor-absolute elementor-widget elementor-widget-ct_social\" data-id=\"51672cbe\" data-element_type=\"widget\" data-settings=\"{&quot;_position&quot;:&quot;absolute&quot;}\" data-widget_type=\"ct_social.default\">\n\t\t\t\t<div class=\"elementor-widget-container\">\n\t\t\t\t\t    <div id=\"ct_social-51672cbe\" class=\"ct-social-icon2\">\r\n        <div class=\"ct-inline-css\"  data-css=\"                    #ct_social-51672cbe.ct-social-icon2 a:before {                background-image: -webkit-gradient(linear, left top, right top, from(#2439FF), to(#9000FF));                background-image: -webkit-linear-gradient(to left, #2439FF, #9000FF);                background-image: -moz-linear-gradient(to left, #2439FF, #9000FF);                background-image: -ms-linear-gradient(to left, #2439FF, #9000FF);                background-image: -o-linear-gradient(to left, #2439FF, #9000FF);                background-image: linear-gradient(to left, #2439FF, #9000FF);                filter: progid:DXImageTransform.Microsoft.gradient(startColorStr='#2439FF', endColorStr='#9000FF', gradientType='1');            }        \">\r\n    <\/div>\r\n                                    <a class=\"ct_social-51672cbe-0 icon-actived\" href=\"#\">\r\n                    <i aria-hidden=\"true\" class=\"fab fa-facebook-f\"><\/i>                                    <\/a>\r\n                                                <a class=\"ct_social-51672cbe-1 icon-actived\" href=\"#\">\r\n                    <i aria-hidden=\"true\" class=\"fab fa-twitter\"><\/i>                                    <\/a>\r\n                                                <a class=\"ct_social-51672cbe-2 icon-actived\" href=\"#\">\r\n                    <i aria-hidden=\"true\" class=\"fab fa-instagram\"><\/i>                                    <\/a>\r\n                            <label class=\"el-empty\">Follow Us<\/label>\r\n    <\/div>\r\n\t\t\t\t<\/div>\n\t\t\t\t<\/div>\n\t\t\t\t<div class=\"elementor-element elementor-element-cf205da elementor-widget elementor-widget-ct_heading\" data-id=\"cf205da\" data-element_type=\"widget\" data-widget_type=\"ct_heading.default\">\n\t\t\t\t<div class=\"elementor-widget-container\">\n\t\t\t\t\t<div id=\"ct_heading-cf205da\" class=\"ct-heading h-align- item-st-default highlight-style1\">\r\n  <div class=\"ct-heading--inner\"> \r\n    <div class=\"ct-inline-css\"  data-css=\"                            #ct_heading-cf205da.ct-heading .item--sub-title span {                background-image: -webkit-gradient(linear, left top, left bottom, from(#00A14B), to(#00A14B));                background-image: -webkit-linear-gradient(to left, #00A14B, #00A14B);                background-image: -moz-linear-gradient(to left, #00A14B, #00A14B);                background-image: -ms-linear-gradient(to left, #00A14B, #00A14B);                background-image: -o-linear-gradient(to left, #00A14B, #00A14B);                background-image: linear-gradient(to left, #00A14B, #00A14B);                filter: progid:DXImageTransform.Microsoft.gradient(startColorStr='#00A14B', endColorStr='#00A14B');                background-color: transparent;                background-clip: text;                -o-background-clip: text;                -ms-background-clip: text;                -moz-background-clip: text;                -webkit-background-clip: text;                text-fill-color: transparent;                -o-text-fill-color: transparent;                -ms-text-fill-color: transparent;                -moz-text-fill-color: transparent;                -webkit-text-fill-color: transparent;            }                        \">\r\n    <\/div>\r\n      <div class=\"item--text-below\">\r\n      <div class=\"ct-inline-css\"  data-css=\"        \">\r\n      <\/div>\r\n          <\/div>\r\n  \r\n\t\t\t<div class=\"item--sub-title style-box-gr\" data-wow-delay=\"ms\">\r\n                        <span>\r\n                Service            <\/span>\r\n                    <\/div>\r\n\t    <h3 class=\"item--title st-default\" data-wow-delay=\"ms\">\r\n        <span class=\"ct-text-inner\">AUDIT<\/span>    <\/h3>\r\n  <\/div>\r\n<\/div>\r\n\t\t\t\t<\/div>\n\t\t\t\t<\/div>\n\t\t\t\t<div class=\"elementor-element elementor-element-450721b2 elementor-widget-divider--view-line elementor-widget elementor-widget-divider\" data-id=\"450721b2\" data-element_type=\"widget\" data-widget_type=\"divider.default\">\n\t\t\t\t<div class=\"elementor-widget-container\">\n\t\t\t\t\t\t\t<div class=\"elementor-divider\">\n\t\t\t<span class=\"elementor-divider-separator\">\n\t\t\t\t\t\t<\/span>\n\t\t<\/div>\n\t\t\t\t\t\t<\/div>\n\t\t\t\t<\/div>\n\t\t\t\t<div class=\"elementor-element elementor-element-67c7d07c elementor-widget elementor-widget-ct_text_editor\" data-id=\"67c7d07c\" data-element_type=\"widget\" data-widget_type=\"ct_text_editor.default\">\n\t\t\t\t<div class=\"elementor-widget-container\">\n\t\t\t\t\t<div id=\"ct_text_editor-67c7d07c\" class=\"ct-text-editor\" data-wow-delay=\"ms\">\n\t<div class=\"ct-item--inner\">\n\t\t<div class=\"ct-inline-css\"  data-css=\"\t        \t\t\t\">\n\n\t    <\/div>\n\t\t<div class=\"ct-text-editor elementor-clearfix\">\n\t\t\t<p>We conduct audits tailored to the specific needs of each organization, independently and systematically, ensuring that financial information, records, and processes are reliable and comply with applicable international regulatory frameworks.<\/p><p>.<\/p>\t\t\n\t\t<\/div>\n\t<\/div>\n<\/div>\t\t\t\t<\/div>\n\t\t\t\t<\/div>\n\t\t            <\/div>\n        <\/div>\n                <div class=\"elementor-column elementor-col-50 elementor-top-column elementor-element elementor-element-472b3284 col-offset-right-xl ct-column-none col-color-offset-none\" data-id=\"472b3284\" data-element_type=\"column\">\n        <div class=\"elementor-widget-wrap elementor-element-populated\">\n                    \n        \t\t<div class=\"elementor-element elementor-element-35271a63 elementor-widget elementor-widget-ct_particle_animate\" data-id=\"35271a63\" data-element_type=\"widget\" data-widget_type=\"ct_particle_animate.default\">\n\t\t\t\t<div class=\"elementor-widget-container\">\n\t\t\t\t\t\t<div class=\"ct-particle-animate el-move-inner img-below-content\" data-wow-delay=\"ms\">\r\n\t\t\t\t    <div id=\"ct_particle_animate-35271a630\" class=\"top-left shape-animate5\" >\r\n\t\t    \t\t\t\t    \t<div class=\"ct-inline-css\"  data-css=\"\t\t\t            .ct-particle-animate #ct_particle_animate-35271a630 {\t\t\t                left: -40px;\t\t\t                top: 0px;\t\t\t            }\">\r\n\t\t\t        <\/div>\r\n\t\t\t    \t\t\t    \t\t\t    \t\t\t    \t\t    \t<img decoding=\"async\" width=\"48\" height=\"184\" src=\"https:\/\/crcontadores.com.pa\/wp-content\/uploads\/2021\/11\/h3-shape1.png\" class=\"attachment-full\" alt=\"\" loading=\"lazy\" \/>\t\t\r\n\t\t    <\/div>\r\n\t\t\t<\/div>\r\n\t\t\t\t<\/div>\n\t\t\t\t<\/div>\n\t\t\t\t<div class=\"elementor-element elementor-element-2a10fede elementor-widget elementor-widget-ct_gallery_carousel\" data-id=\"2a10fede\" data-element_type=\"widget\" data-widget_type=\"ct_gallery_carousel.default\">\n\t\t\t\t<div class=\"elementor-widget-container\">\n\t\t\t\t\t    <div class=\"ct-gallery-carousel1 ct-slick-slider slick-dots-style3 style1\">\r\n        <div class=\"ct-carousel-inner\">\r\n            <div class=\"ct-slick-carousel slick-shadow\" data-arrows=\"\" data-dots=\"\" data-pauseonhover=\"\" data-autoplay=\"\" data-autoplayspeed=\"5000\" data-infinite=\"true\" data-speed=\"500\" data-colxs=\"1\" data-colsm=\"1\" data-colmd=\"1\" data-collg=\"1\" data-colxl=\"1\" data-dir=\"false\" data-slidestoscroll=\"1\" data-fade=\"true\">\r\n                                    <div class=\"carousel-item slick-slide\">\r\n                        <div class=\"item--inner\">\r\n                            <a href=\"https:\/\/crcontadores.com.pa\/wp-content\/uploads\/2024\/12\/Auditoria-1.jpeg\">\r\n                                <img fetchpriority=\"high\" decoding=\"async\" class=\"\" src=\"https:\/\/crcontadores.com.pa\/wp-content\/uploads\/2024\/12\/Auditoria-1-840x630.jpeg\" width=\"840\" height=\"630\" alt=\"Audit\" title=\"Audit\" \/>                            <\/a>\r\n                        <\/div>\r\n                    <\/div>\r\n                            <\/div>\r\n        <\/div>\r\n    <\/div>\r\n\t\t\t\t<\/div>\n\t\t\t\t<\/div>\n\t\t            <\/div>\n        <\/div>\n                    <\/div>\n        <\/section>\n                <section data-particle_enable=\"false\" data-particle-mobile-disabled=\"false\" class=\"elementor-section elementor-top-section elementor-element elementor-element-19a29984 ct-row-scroll-fixed ct-column-order elementor-section-boxed elementor-section-height-default elementor-section-height-default ct-header-fixed-none ct-row-gradient--none\" data-id=\"19a29984\" data-element_type=\"section\" data-settings=\"{&quot;background_background&quot;:&quot;classic&quot;}\">\n            \n                        <div class=\"elementor-container elementor-column-gap-extended\">\n                    <div class=\"elementor-column elementor-col-33 elementor-top-column elementor-element elementor-element-2b5b19ca ct-column-sticky col-offset-none col-color-offset-none\" data-id=\"2b5b19ca\" data-element_type=\"column\">\n        <div class=\"elementor-widget-wrap elementor-element-populated\">\n                    \n        \t\t<div class=\"elementor-element elementor-element-52a7e3f3 elementor-widget elementor-widget-ct_info_box\" data-id=\"52a7e3f3\" data-element_type=\"widget\" data-widget_type=\"ct_info_box.default\">\n\t\t\t\t<div class=\"elementor-widget-container\">\n\t\t\t\t\t<div class=\"ct-info-box ct-info-box1 bg-image wow fadeInUp\" style=\"background-image:url(http:\/\/crcontadores.com.pa\/wp-content\/uploads\/2024\/12\/servicio3-crcontadores.png);\" data-wow-delay=\"ms\">\r\n\t<div class=\"ct-infobox-inner\">\r\n\t\t<div class=\"item--subtitle el-empty\"><\/div>\r\n\t\t<div class=\"item--title el-empty\">For more information<\/div>\r\n\t\t<div class=\"item--phone el-empty\">557-3452-234<\/div>\r\n\t\t<div class=\"item--desc el-empty\"><\/div>\r\n\t\t\t\t\t<a class=\"ct-info-button\" href=\"https:\/\/darkgrey-parrot-741902.hostingersite.com\/contacto\/\">Contact us<i class=\"fas fa-link\"><\/i><\/a>\r\n\t\t\t<\/div>\r\n<\/div>\t\t\t\t<\/div>\n\t\t\t\t<\/div>\n\t\t\t\t<div class=\"elementor-element elementor-element-2caac680 elementor-widget elementor-widget-ct_link\" data-id=\"2caac680\" data-element_type=\"widget\" data-widget_type=\"ct_link.default\">\n\t\t\t\t<div class=\"elementor-widget-container\">\n\t\t\t\t\t    <div class=\"ct-link1 style1 wow fadeInUp\">\r\n        <ul class=\"ct-link-items\">\r\n                                <li>\r\n                        <a href=\"https:\/\/darkgrey-parrot-741902.hostingersite.com\/servicios\/contabilidad-outsourcing-bpo\/\">\r\n                                                        OUTSOURCING                        <\/a>\r\n                    <\/li>\r\n                                <li>\r\n                        <a href=\"https:\/\/darkgrey-parrot-741902.hostingersite.com\/servicios\/fiscal-y-tributacion\/\">\r\n                                                        TAX                        <\/a>\r\n                    <\/li>\r\n                                <li>\r\n                        <a href=\"https:\/\/darkgrey-parrot-741902.hostingersite.com\/servicios\/consultoria\/\">\r\n                                                        ADVISORY                        <\/a>\r\n                    <\/li>\r\n                    <\/ul>\r\n    <\/div>\r\n\t\t\t\t<\/div>\n\t\t\t\t<\/div>\n\t\t            <\/div>\n        <\/div>\n                <div class=\"elementor-column elementor-col-66 elementor-top-column elementor-element elementor-element-20f714c5 ct-column-none col-offset-none col-color-offset-none\" data-id=\"20f714c5\" data-element_type=\"column\">\n        <div class=\"elementor-widget-wrap elementor-element-populated\">\n                    \n        \t\t<div class=\"elementor-element elementor-element-6a8c917c elementor-widget elementor-widget-ct_list\" data-id=\"6a8c917c\" data-element_type=\"widget\" data-widget_type=\"ct_list.default\">\n\t\t\t\t<div class=\"elementor-widget-container\">\n\t\t\t\t\t    <div class=\"ct-list\">\r\n                    <div class=\"ct-list-item wow fadeInUp\">\r\n                                    <div class=\"ct-list-icon\">\r\n                        <i aria-hidden=\"true\" class=\"fas fa-clipboard-check\"><\/i>                    <\/div>\r\n                            \t<div class=\"ct-list-content\">\r\n\t            \tAudit of Financial Statements\t            <\/div>\r\n           <\/div>\r\n                    <div class=\"ct-list-item wow fadeInUp\">\r\n                                    <div class=\"ct-list-icon\">\r\n                        <i aria-hidden=\"true\" class=\"fas fa-clipboard-check\"><\/i>                    <\/div>\r\n                            \t<div class=\"ct-list-content\">\r\n\t            \tOperational Audit\t            <\/div>\r\n           <\/div>\r\n                    <div class=\"ct-list-item wow fadeInUp\">\r\n                                    <div class=\"ct-list-icon\">\r\n                        <i aria-hidden=\"true\" class=\"fas fa-clipboard-check\"><\/i>                    <\/div>\r\n                            \t<div class=\"ct-list-content\">\r\n\t            \tCompliance Audit\t            <\/div>\r\n           <\/div>\r\n                    <div class=\"ct-list-item wow fadeInUp\">\r\n                                    <div class=\"ct-list-icon\">\r\n                        <i aria-hidden=\"true\" class=\"fas fa-clipboard-check\"><\/i>                    <\/div>\r\n                            \t<div class=\"ct-list-content\">\r\n\t            \tInternal Audit\t            <\/div>\r\n           <\/div>\r\n                    <div class=\"ct-list-item wow fadeInUp\">\r\n                                    <div class=\"ct-list-icon\">\r\n                        <i aria-hidden=\"true\" class=\"fas fa-clipboard-check\"><\/i>                    <\/div>\r\n                            \t<div class=\"ct-list-content\">\r\n\t            \tTax audit\t            <\/div>\r\n           <\/div>\r\n                    <div class=\"ct-list-item wow fadeInUp\">\r\n                                    <div class=\"ct-list-icon\">\r\n                        <i aria-hidden=\"true\" class=\"fas fa-clipboard-check\"><\/i>                    <\/div>\r\n                            \t<div class=\"ct-list-content\">\r\n\t            \tAudit for accountability\t            <\/div>\r\n           <\/div>\r\n                    <div class=\"ct-list-item wow fadeInUp\">\r\n                                    <div class=\"ct-list-icon\">\r\n                        <i aria-hidden=\"true\" class=\"fas fa-clipboard-check\"><\/i>                    <\/div>\r\n                            \t<div class=\"ct-list-content\">\r\n\t            \tAgreed-upon procedures\t            <\/div>\r\n           <\/div>\r\n                    <div class=\"ct-list-item wow fadeInUp\">\r\n                                    <div class=\"ct-list-icon\">\r\n                        <i aria-hidden=\"true\" class=\"fas fa-clipboard-check\"><\/i>                    <\/div>\r\n                            \t<div class=\"ct-list-content\">\r\n\t            \tPhysical inventory counts\t            <\/div>\r\n           <\/div>\r\n            <\/div>\r\n\t\t\t\t<\/div>\n\t\t\t\t<\/div>\n\t\t        <section data-particle_enable=\"false\" data-particle-mobile-disabled=\"false\" class=\"elementor-section elementor-inner-section elementor-element elementor-element-18e46c2 elementor-section-boxed elementor-section-height-default elementor-section-height-default ct-header-fixed-none ct-column-none ct-row-scroll-none ct-row-gradient--none\" data-id=\"18e46c2\" data-element_type=\"section\">\n            \n                        <div class=\"elementor-container elementor-column-gap-extended\">\n                    <div class=\"elementor-column elementor-col-50 elementor-inner-column elementor-element elementor-element-4af68839 ct-column-none col-offset-none col-color-offset-none\" data-id=\"4af68839\" data-element_type=\"column\">\n        <div class=\"elementor-widget-wrap\">\n                    \n                    <\/div>\n        <\/div>\n                <div class=\"elementor-column elementor-col-50 elementor-inner-column elementor-element elementor-element-24f5cc8a ct-column-none col-offset-none col-color-offset-none\" data-id=\"24f5cc8a\" data-element_type=\"column\">\n        <div class=\"elementor-widget-wrap\">\n                    \n                    <\/div>\n        <\/div>\n                    <\/div>\n        <\/section>\n                    <\/div>\n        <\/div>\n                    <\/div>\n        <\/section>\n        \t\t<\/div>","protected":false},"excerpt":{"rendered":"<p>Follow Us Servicio AUDITOR\u00cdAS Realizamos auditor\u00edas adaptadas a las necesidades espec\u00edficas de cada empresa, de forma independiente y sistem\u00e1tica, asegurando que la informaci\u00f3n financiera, registros y procesos sean confiables y cumplan con los marcos normativos internacionales aplicables. . Para mayor informaci\u00f3n 557-3452-234 Cont\u00e1ctenos CONTABILIDAD OUTSOURCING BPO FISCAL Y TRIBUTACI\u00d3N CONSULTOR\u00cdA Auditor\u00eda a los Estados Financieros [&hellip;]<\/p>","protected":false},"author":1,"featured_media":0,"parent":10081,"menu_order":0,"comment_status":"closed","ping_status":"closed","template":"","meta":{"footnotes":""},"class_list":["post-10849","page","type-page","status-publish","hentry"],"_links":{"self":[{"href":"https:\/\/crcontadores.com.pa\/en\/wp-json\/wp\/v2\/pages\/10849","targetHints":{"allow":["GET"]}}],"collection":[{"href":"https:\/\/crcontadores.com.pa\/en\/wp-json\/wp\/v2\/pages"}],"about":[{"href":"https:\/\/crcontadores.com.pa\/en\/wp-json\/wp\/v2\/types\/page"}],"author":[{"embeddable":true,"href":"https:\/\/crcontadores.com.pa\/en\/wp-json\/wp\/v2\/users\/1"}],"replies":[{"embeddable":true,"href":"https:\/\/crcontadores.com.pa\/en\/wp-json\/wp\/v2\/comments?post=10849"}],"version-history":[{"count":0,"href":"https:\/\/crcontadores.com.pa\/en\/wp-json\/wp\/v2\/pages\/10849\/revisions"}],"up":[{"embeddable":true,"href":"https:\/\/crcontadores.com.pa\/en\/wp-json\/wp\/v2\/pages\/10081"}],"wp:attachment":[{"href":"https:\/\/crcontadores.com.pa\/en\/wp-json\/wp\/v2\/media?parent=10849"}],"curies":[{"name":"wp","href":"https:\/\/api.w.org\/{rel}","templated":true}]}}