{"id":10851,"date":"2024-11-13T14:47:43","date_gmt":"2024-11-13T19:47:43","guid":{"rendered":"https:\/\/darkgrey-parrot-741902.hostingersite.com\/?page_id=10851"},"modified":"2025-01-02T15:45:16","modified_gmt":"2025-01-02T20:45:16","slug":"fiscal-and-taxation","status":"publish","type":"page","link":"https:\/\/crcontadores.com.pa\/en\/services\/fiscal-and-taxation\/","title":{"rendered":"TAX AND TAXATION"},"content":{"rendered":"<div data-elementor-type=\"wp-page\" data-elementor-id=\"10851\" class=\"elementor elementor-10851\" data-elementor-post-type=\"page\">\n\t\t\t\t        <section data-particle_enable=\"false\" data-particle-mobile-disabled=\"false\" class=\"elementor-section elementor-top-section elementor-element elementor-element-5532052f elementor-section-stretched elementor-section-full_width elementor-section-content-middle elementor-section-height-default elementor-section-height-default ct-header-fixed-none ct-column-none ct-row-scroll-none ct-row-gradient--none ct-container-none\" data-id=\"5532052f\" data-element_type=\"section\" data-settings=\"{&quot;stretch_section&quot;:&quot;section-stretched&quot;,&quot;background_background&quot;:&quot;classic&quot;}\">\n            \n                        <div class=\"elementor-container elementor-column-gap-extended\">\n                    <div class=\"elementor-column elementor-col-50 elementor-top-column elementor-element elementor-element-760b5c16 col-offset-left ct-column-none col-color-offset-none\" data-id=\"760b5c16\" data-element_type=\"column\">\n        <div class=\"elementor-widget-wrap elementor-element-populated\">\n                    \n        \t\t<div class=\"elementor-element elementor-element-4e9a28b6 elementor-widget__width-auto elementor-absolute elementor-widget elementor-widget-ct_social\" data-id=\"4e9a28b6\" data-element_type=\"widget\" data-settings=\"{&quot;_position&quot;:&quot;absolute&quot;}\" data-widget_type=\"ct_social.default\">\n\t\t\t\t<div class=\"elementor-widget-container\">\n\t\t\t\t\t    <div id=\"ct_social-4e9a28b6\" class=\"ct-social-icon2\">\r\n        <div class=\"ct-inline-css\"  data-css=\"                    #ct_social-4e9a28b6.ct-social-icon2 a:before {                background-image: -webkit-gradient(linear, left top, right top, from(#2439FF), to(#9000FF));                background-image: -webkit-linear-gradient(to left, #2439FF, #9000FF);                background-image: -moz-linear-gradient(to left, #2439FF, #9000FF);                background-image: -ms-linear-gradient(to left, #2439FF, #9000FF);                background-image: -o-linear-gradient(to left, #2439FF, #9000FF);                background-image: linear-gradient(to left, #2439FF, #9000FF);                filter: progid:DXImageTransform.Microsoft.gradient(startColorStr='#2439FF', endColorStr='#9000FF', gradientType='1');            }        \">\r\n    <\/div>\r\n                                    <a class=\"ct_social-4e9a28b6-0 icon-actived\" href=\"#\">\r\n                    <i aria-hidden=\"true\" class=\"fab fa-facebook-f\"><\/i>                                    <\/a>\r\n                                                <a class=\"ct_social-4e9a28b6-1 icon-actived\" href=\"#\">\r\n                    <i aria-hidden=\"true\" class=\"fab fa-twitter\"><\/i>                                    <\/a>\r\n                                                <a class=\"ct_social-4e9a28b6-2 icon-actived\" href=\"#\">\r\n                    <i aria-hidden=\"true\" class=\"fab fa-instagram\"><\/i>                                    <\/a>\r\n                            <label class=\"el-empty\">Follow Us<\/label>\r\n    <\/div>\r\n\t\t\t\t<\/div>\n\t\t\t\t<\/div>\n\t\t\t\t<div class=\"elementor-element elementor-element-4b997453 elementor-widget elementor-widget-ct_heading\" data-id=\"4b997453\" data-element_type=\"widget\" data-widget_type=\"ct_heading.default\">\n\t\t\t\t<div class=\"elementor-widget-container\">\n\t\t\t\t\t<div id=\"ct_heading-4b997453\" class=\"ct-heading h-align- item-st-default highlight-style1\">\r\n  <div class=\"ct-heading--inner\"> \r\n    <div class=\"ct-inline-css\"  data-css=\"                                \">\r\n    <\/div>\r\n      <div class=\"item--text-below\">\r\n      <div class=\"ct-inline-css\"  data-css=\"        \">\r\n      <\/div>\r\n          <\/div>\r\n  \r\n\t\t\t<div class=\"item--sub-title style-box-gr\" data-wow-delay=\"ms\">\r\n                        <span>\r\n                Service            <\/span>\r\n                    <\/div>\r\n\t    <h3 class=\"item--title st-default\" data-wow-delay=\"ms\">\r\n        <span class=\"ct-text-inner\"> TAX<\/span>    <\/h3>\r\n  <\/div>\r\n<\/div>\r\n\t\t\t\t<\/div>\n\t\t\t\t<\/div>\n\t\t\t\t<div class=\"elementor-element elementor-element-58a7e21f elementor-widget-divider--view-line elementor-widget elementor-widget-divider\" data-id=\"58a7e21f\" data-element_type=\"widget\" data-widget_type=\"divider.default\">\n\t\t\t\t<div class=\"elementor-widget-container\">\n\t\t\t\t\t\t\t<div class=\"elementor-divider\">\n\t\t\t<span class=\"elementor-divider-separator\">\n\t\t\t\t\t\t<\/span>\n\t\t<\/div>\n\t\t\t\t\t\t<\/div>\n\t\t\t\t<\/div>\n\t\t\t\t<div class=\"elementor-element elementor-element-2594a3de elementor-widget elementor-widget-ct_text_editor\" data-id=\"2594a3de\" data-element_type=\"widget\" data-widget_type=\"ct_text_editor.default\">\n\t\t\t\t<div class=\"elementor-widget-container\">\n\t\t\t\t\t<div id=\"ct_text_editor-2594a3de\" class=\"ct-text-editor\" data-wow-delay=\"ms\">\n\t<div class=\"ct-item--inner\">\n\t\t<div class=\"ct-inline-css\"  data-css=\"\t        \t\t\t\">\n\n\t    <\/div>\n\t\t<div class=\"ct-text-editor elementor-clearfix\">\n\t\t\t<p><span lang=\"ES-TRAD\">We deliver legal advice, strategy and innovation to make your business agile, also we have strong support with Local Tax compliance and municipal tax regulations.<\/span><\/p><p>.<\/p>\t\t\n\t\t<\/div>\n\t<\/div>\n<\/div>\t\t\t\t<\/div>\n\t\t\t\t<\/div>\n\t\t            <\/div>\n        <\/div>\n                <div class=\"elementor-column elementor-col-50 elementor-top-column elementor-element elementor-element-13a39068 col-offset-right-xl ct-column-none col-color-offset-none\" data-id=\"13a39068\" data-element_type=\"column\">\n        <div class=\"elementor-widget-wrap elementor-element-populated\">\n                    \n        \t\t<div class=\"elementor-element elementor-element-21ed761e elementor-widget elementor-widget-ct_particle_animate\" data-id=\"21ed761e\" data-element_type=\"widget\" data-widget_type=\"ct_particle_animate.default\">\n\t\t\t\t<div class=\"elementor-widget-container\">\n\t\t\t\t\t\t<div class=\"ct-particle-animate el-move-inner img-below-content\" data-wow-delay=\"ms\">\r\n\t\t\t\t    <div id=\"ct_particle_animate-21ed761e0\" class=\"top-left shape-animate5\" >\r\n\t\t    \t\t\t\t    \t<div class=\"ct-inline-css\"  data-css=\"\t\t\t            .ct-particle-animate #ct_particle_animate-21ed761e0 {\t\t\t                left: -40px;\t\t\t                top: 0px;\t\t\t            }\">\r\n\t\t\t        <\/div>\r\n\t\t\t    \t\t\t    \t\t\t    \t\t\t    \t\t    \t<img decoding=\"async\" width=\"48\" height=\"184\" src=\"https:\/\/crcontadores.com.pa\/wp-content\/uploads\/2021\/11\/h3-shape1.png\" class=\"attachment-full\" alt=\"\" loading=\"lazy\" \/>\t\t\r\n\t\t    <\/div>\r\n\t\t\t<\/div>\r\n\t\t\t\t<\/div>\n\t\t\t\t<\/div>\n\t\t\t\t<div class=\"elementor-element elementor-element-31bb447a elementor-widget elementor-widget-ct_gallery_carousel\" data-id=\"31bb447a\" data-element_type=\"widget\" data-widget_type=\"ct_gallery_carousel.default\">\n\t\t\t\t<div class=\"elementor-widget-container\">\n\t\t\t\t\t    <div class=\"ct-gallery-carousel1 ct-slick-slider slick-dots-style3 style1\">\r\n        <div class=\"ct-carousel-inner\">\r\n            <div class=\"ct-slick-carousel slick-shadow\" data-arrows=\"\" data-dots=\"\" data-pauseonhover=\"\" data-autoplay=\"\" data-autoplayspeed=\"5000\" data-infinite=\"true\" data-speed=\"500\" data-colxs=\"1\" data-colsm=\"1\" data-colmd=\"1\" data-collg=\"1\" data-colxl=\"1\" data-dir=\"false\" data-slidestoscroll=\"1\" data-fade=\"true\">\r\n                                    <div class=\"carousel-item slick-slide\">\r\n                        <div class=\"item--inner\">\r\n                            <a href=\"https:\/\/crcontadores.com.pa\/wp-content\/uploads\/2024\/11\/business-people-office-crcontadores-scaled.jpg\">\r\n                                <img fetchpriority=\"high\" decoding=\"async\" class=\"\" src=\"https:\/\/crcontadores.com.pa\/wp-content\/uploads\/2024\/11\/business-people-office-crcontadores-scaled-840x630.jpg\" width=\"840\" height=\"630\" alt=\"SVYATKOVSKY.COM\" title=\"SVYATKOVSKY.COM\" \/>                            <\/a>\r\n                        <\/div>\r\n                    <\/div>\r\n                            <\/div>\r\n        <\/div>\r\n    <\/div>\r\n\t\t\t\t<\/div>\n\t\t\t\t<\/div>\n\t\t            <\/div>\n        <\/div>\n                    <\/div>\n        <\/section>\n                <section data-particle_enable=\"false\" data-particle-mobile-disabled=\"false\" class=\"elementor-section elementor-top-section elementor-element elementor-element-364e6e43 ct-row-scroll-fixed ct-column-order elementor-section-boxed elementor-section-height-default elementor-section-height-default ct-header-fixed-none ct-row-gradient--none\" data-id=\"364e6e43\" data-element_type=\"section\" data-settings=\"{&quot;background_background&quot;:&quot;classic&quot;}\">\n            \n                        <div class=\"elementor-container elementor-column-gap-extended\">\n                    <div class=\"elementor-column elementor-col-33 elementor-top-column elementor-element elementor-element-418b2aa5 ct-column-sticky col-offset-none col-color-offset-none\" data-id=\"418b2aa5\" data-element_type=\"column\">\n        <div class=\"elementor-widget-wrap elementor-element-populated\">\n                    \n        \t\t<div class=\"elementor-element elementor-element-5eab45f3 elementor-widget elementor-widget-ct_info_box\" data-id=\"5eab45f3\" data-element_type=\"widget\" data-widget_type=\"ct_info_box.default\">\n\t\t\t\t<div class=\"elementor-widget-container\">\n\t\t\t\t\t<div class=\"ct-info-box ct-info-box1 bg-image wow fadeInUp\" style=\"background-image:url(http:\/\/crcontadores.com.pa\/wp-content\/uploads\/2024\/12\/servicios-app-crcontadores.png);\" data-wow-delay=\"ms\">\r\n\t<div class=\"ct-infobox-inner\">\r\n\t\t<div class=\"item--subtitle el-empty\"><\/div>\r\n\t\t<div class=\"item--title el-empty\">For more information<\/div>\r\n\t\t<div class=\"item--phone el-empty\">557-3452-234<\/div>\r\n\t\t<div class=\"item--desc el-empty\"><\/div>\r\n\t\t\t\t\t<a class=\"ct-info-button\" href=\"https:\/\/darkgrey-parrot-741902.hostingersite.com\/contacto\/\">Contact us<i class=\"fas fa-link\"><\/i><\/a>\r\n\t\t\t<\/div>\r\n<\/div>\t\t\t\t<\/div>\n\t\t\t\t<\/div>\n\t\t\t\t<div class=\"elementor-element elementor-element-a0c0c93 elementor-widget elementor-widget-ct_link\" data-id=\"a0c0c93\" data-element_type=\"widget\" data-widget_type=\"ct_link.default\">\n\t\t\t\t<div class=\"elementor-widget-container\">\n\t\t\t\t\t    <div class=\"ct-link1 style1 wow fadeInUp\">\r\n        <ul class=\"ct-link-items\">\r\n                                <li>\r\n                        <a href=\"https:\/\/darkgrey-parrot-741902.hostingersite.com\/servicios\/contabilidad-outsourcing-bpo\/\">\r\n                                                        OUTSOURCING                        <\/a>\r\n                    <\/li>\r\n                                <li>\r\n                        <a href=\"https:\/\/darkgrey-parrot-741902.hostingersite.com\/servicios\/auditorias\/\">\r\n                                                        AUDIT                        <\/a>\r\n                    <\/li>\r\n                                <li>\r\n                        <a href=\"https:\/\/darkgrey-parrot-741902.hostingersite.com\/servicios\/consultoria\/\">\r\n                                                        ADVISORY                        <\/a>\r\n                    <\/li>\r\n                    <\/ul>\r\n    <\/div>\r\n\t\t\t\t<\/div>\n\t\t\t\t<\/div>\n\t\t            <\/div>\n        <\/div>\n                <div class=\"elementor-column elementor-col-66 elementor-top-column elementor-element elementor-element-2a419033 ct-column-none col-offset-none col-color-offset-none\" data-id=\"2a419033\" data-element_type=\"column\">\n        <div class=\"elementor-widget-wrap elementor-element-populated\">\n                    \n        \t\t<div class=\"elementor-element elementor-element-30d68522 elementor-widget elementor-widget-ct_list\" data-id=\"30d68522\" data-element_type=\"widget\" data-widget_type=\"ct_list.default\">\n\t\t\t\t<div class=\"elementor-widget-container\">\n\t\t\t\t\t    <div class=\"ct-list\">\r\n                    <div class=\"ct-list-item wow fadeInUp\">\r\n                                    <div class=\"ct-list-icon\">\r\n                        <i aria-hidden=\"true\" class=\"fas fa-clipboard-check\"><\/i>                    <\/div>\r\n                            \t<div class=\"ct-list-content\">\r\n\t            \tRegistration in public institutions\t            <\/div>\r\n           <\/div>\r\n                    <div class=\"ct-list-item wow fadeInUp\">\r\n                                    <div class=\"ct-list-icon\">\r\n                        <i aria-hidden=\"true\" class=\"fas fa-clipboard-check\"><\/i>                    <\/div>\r\n                            \t<div class=\"ct-list-content\">\r\n\t            \tOperation notice\t            <\/div>\r\n           <\/div>\r\n                    <div class=\"ct-list-item wow fadeInUp\">\r\n                                    <div class=\"ct-list-icon\">\r\n                        <i aria-hidden=\"true\" class=\"fas fa-clipboard-check\"><\/i>                    <\/div>\r\n                            \t<div class=\"ct-list-content\">\r\n\t            \tIcome Tax Return\t            <\/div>\r\n           <\/div>\r\n                    <div class=\"ct-list-item wow fadeInUp\">\r\n                                    <div class=\"ct-list-icon\">\r\n                        <i aria-hidden=\"true\" class=\"fas fa-clipboard-check\"><\/i>                    <\/div>\r\n                            \t<div class=\"ct-list-content\">\r\n\t            \tVAT or ITBMS FORM 430\t            <\/div>\r\n           <\/div>\r\n                    <div class=\"ct-list-item wow fadeInUp\">\r\n                                    <div class=\"ct-list-icon\">\r\n                        <i aria-hidden=\"true\" class=\"fas fa-clipboard-check\"><\/i>                    <\/div>\r\n                            \t<div class=\"ct-list-content\">\r\n\t            \tPurchase report Form 43\t            <\/div>\r\n           <\/div>\r\n                    <div class=\"ct-list-item wow fadeInUp\">\r\n                                    <div class=\"ct-list-icon\">\r\n                        <i aria-hidden=\"true\" class=\"fas fa-clipboard-check\"><\/i>                    <\/div>\r\n                            \t<div class=\"ct-list-content\">\r\n\t            \tSecurity Social Form 03\t            <\/div>\r\n           <\/div>\r\n                    <div class=\"ct-list-item wow fadeInUp\">\r\n                                    <div class=\"ct-list-icon\">\r\n                        <i aria-hidden=\"true\" class=\"fas fa-clipboard-check\"><\/i>                    <\/div>\r\n                            \t<div class=\"ct-list-content\">\r\n\t            \tForm 7 Distribution of dividends and\/or profit sharing\t            <\/div>\r\n           <\/div>\r\n                    <div class=\"ct-list-item wow fadeInUp\">\r\n                                    <div class=\"ct-list-icon\">\r\n                        <i aria-hidden=\"true\" class=\"fas fa-clipboard-check\"><\/i>                    <\/div>\r\n                            \t<div class=\"ct-list-content\">\r\n\t            \tForm 108 ISR Capital gain sale of shares, issued bonds LP\t            <\/div>\r\n           <\/div>\r\n                    <div class=\"ct-list-item wow fadeInUp\">\r\n                                    <div class=\"ct-list-icon\">\r\n                        <i aria-hidden=\"true\" class=\"fas fa-clipboard-check\"><\/i>                    <\/div>\r\n                            \t<div class=\"ct-list-content\">\r\n\t            \tMunicipal Income Tax Return\t            <\/div>\r\n           <\/div>\r\n                    <div class=\"ct-list-item wow fadeInUp\">\r\n                                    <div class=\"ct-list-icon\">\r\n                        <i aria-hidden=\"true\" class=\"fas fa-clipboard-check\"><\/i>                    <\/div>\r\n                            \t<div class=\"ct-list-content\">\r\n\t            \tOther Tax Returns and compliance reports\t            <\/div>\r\n           <\/div>\r\n            <\/div>\r\n\t\t\t\t<\/div>\n\t\t\t\t<\/div>\n\t\t        <section data-particle_enable=\"false\" data-particle-mobile-disabled=\"false\" class=\"elementor-section elementor-inner-section elementor-element elementor-element-4412dd66 elementor-section-boxed elementor-section-height-default elementor-section-height-default ct-header-fixed-none ct-column-none ct-row-scroll-none ct-row-gradient--none\" data-id=\"4412dd66\" data-element_type=\"section\">\n            \n                        <div class=\"elementor-container elementor-column-gap-extended\">\n                    <div class=\"elementor-column elementor-col-50 elementor-inner-column elementor-element elementor-element-1c49229c ct-column-none col-offset-none col-color-offset-none\" data-id=\"1c49229c\" data-element_type=\"column\">\n        <div class=\"elementor-widget-wrap\">\n                    \n                    <\/div>\n        <\/div>\n                <div class=\"elementor-column elementor-col-50 elementor-inner-column elementor-element elementor-element-1f4291e2 ct-column-none col-offset-none col-color-offset-none\" data-id=\"1f4291e2\" data-element_type=\"column\">\n        <div class=\"elementor-widget-wrap\">\n                    \n                    <\/div>\n        <\/div>\n                    <\/div>\n        <\/section>\n                    <\/div>\n        <\/div>\n                    <\/div>\n        <\/section>\n        \t\t<\/div>","protected":false},"excerpt":{"rendered":"<p>Follow Us Servicio FISCAL Y TRIBUTACI\u00d3N Confeccionamos, presentamos y refrendamos todos los informes fiscales y tributarios exigidos por las autoridades fiscales nacionales y municipales. . Para mayor informaci\u00f3n 557-3452-234 Cont\u00e1ctenos CONTABILIDAD OUTSOURCING BPO AUDITOR\u00cdAS CONSULTOR\u00cdA Inscripciones en las instituciones p\u00fablicas Aviso de operaciones Declaraci\u00f3n de Renta DGI Formulario 430 ITBMS Formulario 43 de compra Anexo [&hellip;]<\/p>","protected":false},"author":1,"featured_media":0,"parent":10081,"menu_order":0,"comment_status":"closed","ping_status":"closed","template":"","meta":{"footnotes":""},"class_list":["post-10851","page","type-page","status-publish","hentry"],"_links":{"self":[{"href":"https:\/\/crcontadores.com.pa\/en\/wp-json\/wp\/v2\/pages\/10851","targetHints":{"allow":["GET"]}}],"collection":[{"href":"https:\/\/crcontadores.com.pa\/en\/wp-json\/wp\/v2\/pages"}],"about":[{"href":"https:\/\/crcontadores.com.pa\/en\/wp-json\/wp\/v2\/types\/page"}],"author":[{"embeddable":true,"href":"https:\/\/crcontadores.com.pa\/en\/wp-json\/wp\/v2\/users\/1"}],"replies":[{"embeddable":true,"href":"https:\/\/crcontadores.com.pa\/en\/wp-json\/wp\/v2\/comments?post=10851"}],"version-history":[{"count":0,"href":"https:\/\/crcontadores.com.pa\/en\/wp-json\/wp\/v2\/pages\/10851\/revisions"}],"up":[{"embeddable":true,"href":"https:\/\/crcontadores.com.pa\/en\/wp-json\/wp\/v2\/pages\/10081"}],"wp:attachment":[{"href":"https:\/\/crcontadores.com.pa\/en\/wp-json\/wp\/v2\/media?parent=10851"}],"curies":[{"name":"wp","href":"https:\/\/api.w.org\/{rel}","templated":true}]}}