{"id":10853,"date":"2024-11-13T14:48:30","date_gmt":"2024-11-13T19:48:30","guid":{"rendered":"https:\/\/darkgrey-parrot-741902.hostingersite.com\/?page_id=10853"},"modified":"2025-01-02T15:45:23","modified_gmt":"2025-01-02T20:45:23","slug":"consultancy","status":"publish","type":"page","link":"https:\/\/crcontadores.com.pa\/en\/services\/consultancy\/","title":{"rendered":"ADVISORY"},"content":{"rendered":"<div data-elementor-type=\"wp-page\" data-elementor-id=\"10853\" class=\"elementor elementor-10853\" data-elementor-post-type=\"page\">\n\t\t\t\t        <section data-particle_enable=\"false\" data-particle-mobile-disabled=\"false\" class=\"elementor-section elementor-top-section elementor-element elementor-element-1feb6e58 elementor-section-stretched elementor-section-full_width elementor-section-content-middle elementor-section-height-default elementor-section-height-default ct-header-fixed-none ct-column-none ct-row-scroll-none ct-row-gradient--none ct-container-none\" data-id=\"1feb6e58\" data-element_type=\"section\" data-settings=\"{&quot;stretch_section&quot;:&quot;section-stretched&quot;,&quot;background_background&quot;:&quot;classic&quot;}\">\n            \n                        <div class=\"elementor-container elementor-column-gap-extended\">\n                    <div class=\"elementor-column elementor-col-50 elementor-top-column elementor-element elementor-element-784f221 col-offset-left ct-column-none col-color-offset-none\" data-id=\"784f221\" data-element_type=\"column\">\n        <div class=\"elementor-widget-wrap elementor-element-populated\">\n                    \n        \t\t<div class=\"elementor-element elementor-element-13795cb8 elementor-widget__width-auto elementor-absolute elementor-widget elementor-widget-ct_social\" data-id=\"13795cb8\" data-element_type=\"widget\" data-settings=\"{&quot;_position&quot;:&quot;absolute&quot;}\" data-widget_type=\"ct_social.default\">\n\t\t\t\t<div class=\"elementor-widget-container\">\n\t\t\t\t\t    <div id=\"ct_social-13795cb8\" class=\"ct-social-icon2\">\r\n        <div class=\"ct-inline-css\"  data-css=\"                    #ct_social-13795cb8.ct-social-icon2 a:before {                background-image: -webkit-gradient(linear, left top, right top, from(#2439FF), to(#9000FF));                background-image: -webkit-linear-gradient(to left, #2439FF, #9000FF);                background-image: -moz-linear-gradient(to left, #2439FF, #9000FF);                background-image: -ms-linear-gradient(to left, #2439FF, #9000FF);                background-image: -o-linear-gradient(to left, #2439FF, #9000FF);                background-image: linear-gradient(to left, #2439FF, #9000FF);                filter: progid:DXImageTransform.Microsoft.gradient(startColorStr='#2439FF', endColorStr='#9000FF', gradientType='1');            }        \">\r\n    <\/div>\r\n                                    <a class=\"ct_social-13795cb8-0 icon-actived\" href=\"#\">\r\n                    <i aria-hidden=\"true\" class=\"fab fa-facebook-f\"><\/i>                                    <\/a>\r\n                                                <a class=\"ct_social-13795cb8-1 icon-actived\" href=\"#\">\r\n                    <i aria-hidden=\"true\" class=\"fab fa-twitter\"><\/i>                                    <\/a>\r\n                                                <a class=\"ct_social-13795cb8-2 icon-actived\" href=\"#\">\r\n                    <i aria-hidden=\"true\" class=\"fab fa-instagram\"><\/i>                                    <\/a>\r\n                            <label class=\"el-empty\">Follow Us<\/label>\r\n    <\/div>\r\n\t\t\t\t<\/div>\n\t\t\t\t<\/div>\n\t\t\t\t<div class=\"elementor-element elementor-element-60feb4f1 elementor-widget elementor-widget-ct_heading\" data-id=\"60feb4f1\" data-element_type=\"widget\" data-widget_type=\"ct_heading.default\">\n\t\t\t\t<div class=\"elementor-widget-container\">\n\t\t\t\t\t<div id=\"ct_heading-60feb4f1\" class=\"ct-heading h-align- item-st-default highlight-style1\">\r\n  <div class=\"ct-heading--inner\"> \r\n    <div class=\"ct-inline-css\"  data-css=\"                            #ct_heading-60feb4f1.ct-heading .item--sub-title span {                background-image: -webkit-gradient(linear, left top, left bottom, from(#EF5BA1), to(#EF5BA1));                background-image: -webkit-linear-gradient(to left, #EF5BA1, #EF5BA1);                background-image: -moz-linear-gradient(to left, #EF5BA1, #EF5BA1);                background-image: -ms-linear-gradient(to left, #EF5BA1, #EF5BA1);                background-image: -o-linear-gradient(to left, #EF5BA1, #EF5BA1);                background-image: linear-gradient(to left, #EF5BA1, #EF5BA1);                filter: progid:DXImageTransform.Microsoft.gradient(startColorStr='#EF5BA1', endColorStr='#EF5BA1');                background-color: transparent;                background-clip: text;                -o-background-clip: text;                -ms-background-clip: text;                -moz-background-clip: text;                -webkit-background-clip: text;                text-fill-color: transparent;                -o-text-fill-color: transparent;                -ms-text-fill-color: transparent;                -moz-text-fill-color: transparent;                -webkit-text-fill-color: transparent;            }                        \">\r\n    <\/div>\r\n      <div class=\"item--text-below\">\r\n      <div class=\"ct-inline-css\"  data-css=\"        \">\r\n      <\/div>\r\n          <\/div>\r\n  \r\n\t\t\t<div class=\"item--sub-title style-box-gr\" data-wow-delay=\"ms\">\r\n                        <span>\r\n                Service            <\/span>\r\n                    <\/div>\r\n\t    <h3 class=\"item--title st-default\" data-wow-delay=\"ms\">\r\n        <span class=\"ct-text-inner\">ADVISORY<\/span>    <\/h3>\r\n  <\/div>\r\n<\/div>\r\n\t\t\t\t<\/div>\n\t\t\t\t<\/div>\n\t\t\t\t<div class=\"elementor-element elementor-element-34cfc764 elementor-widget-divider--view-line elementor-widget elementor-widget-divider\" data-id=\"34cfc764\" data-element_type=\"widget\" data-widget_type=\"divider.default\">\n\t\t\t\t<div class=\"elementor-widget-container\">\n\t\t\t\t\t\t\t<div class=\"elementor-divider\">\n\t\t\t<span class=\"elementor-divider-separator\">\n\t\t\t\t\t\t<\/span>\n\t\t<\/div>\n\t\t\t\t\t\t<\/div>\n\t\t\t\t<\/div>\n\t\t\t\t<div class=\"elementor-element elementor-element-4d484585 elementor-widget elementor-widget-ct_text_editor\" data-id=\"4d484585\" data-element_type=\"widget\" data-widget_type=\"ct_text_editor.default\">\n\t\t\t\t<div class=\"elementor-widget-container\">\n\t\t\t\t\t<div id=\"ct_text_editor-4d484585\" class=\"ct-text-editor\" data-wow-delay=\"ms\">\n\t<div class=\"ct-item--inner\">\n\t\t<div class=\"ct-inline-css\"  data-css=\"\t        \t\t\t\">\n\n\t    <\/div>\n\t\t<div class=\"ct-text-editor elementor-clearfix\">\n\t\t\t<p>Our consulting service focuses on providing comprehensive advice on compliance and prevention for operations conducted by companies mandated under Law 23 of 2015 and its current modifications.<\/p>\t\t\n\t\t<\/div>\n\t<\/div>\n<\/div>\t\t\t\t<\/div>\n\t\t\t\t<\/div>\n\t\t            <\/div>\n        <\/div>\n                <div class=\"elementor-column elementor-col-50 elementor-top-column elementor-element elementor-element-2ec77831 col-offset-right-xl ct-column-none col-color-offset-none\" data-id=\"2ec77831\" data-element_type=\"column\">\n        <div class=\"elementor-widget-wrap elementor-element-populated\">\n                    \n        \t\t<div class=\"elementor-element elementor-element-35d46832 elementor-widget elementor-widget-ct_particle_animate\" data-id=\"35d46832\" data-element_type=\"widget\" data-widget_type=\"ct_particle_animate.default\">\n\t\t\t\t<div class=\"elementor-widget-container\">\n\t\t\t\t\t\t<div class=\"ct-particle-animate el-move-inner img-below-content\" data-wow-delay=\"ms\">\r\n\t\t\t\t    <div id=\"ct_particle_animate-35d468320\" class=\"top-left shape-animate5\" >\r\n\t\t    \t\t\t\t    \t<div class=\"ct-inline-css\"  data-css=\"\t\t\t            .ct-particle-animate #ct_particle_animate-35d468320 {\t\t\t                left: -40px;\t\t\t                top: 0px;\t\t\t            }\">\r\n\t\t\t        <\/div>\r\n\t\t\t    \t\t\t    \t\t\t    \t\t\t    \t\t    \t<img decoding=\"async\" width=\"48\" height=\"184\" src=\"https:\/\/crcontadores.com.pa\/wp-content\/uploads\/2021\/11\/h3-shape1.png\" class=\"attachment-full\" alt=\"\" loading=\"lazy\" \/>\t\t\r\n\t\t    <\/div>\r\n\t\t\t<\/div>\r\n\t\t\t\t<\/div>\n\t\t\t\t<\/div>\n\t\t\t\t<div class=\"elementor-element elementor-element-453853b2 elementor-widget elementor-widget-ct_gallery_carousel\" data-id=\"453853b2\" data-element_type=\"widget\" data-widget_type=\"ct_gallery_carousel.default\">\n\t\t\t\t<div class=\"elementor-widget-container\">\n\t\t\t\t\t    <div class=\"ct-gallery-carousel1 ct-slick-slider slick-dots-style3 style1\">\r\n        <div class=\"ct-carousel-inner\">\r\n            <div class=\"ct-slick-carousel slick-shadow\" data-arrows=\"\" data-dots=\"\" data-pauseonhover=\"\" data-autoplay=\"\" data-autoplayspeed=\"5000\" data-infinite=\"true\" data-speed=\"500\" data-colxs=\"1\" data-colsm=\"1\" data-colmd=\"1\" data-collg=\"1\" data-colxl=\"1\" data-dir=\"false\" data-slidestoscroll=\"1\" data-fade=\"true\">\r\n                                    <div class=\"carousel-item slick-slide\">\r\n                        <div class=\"item--inner\">\r\n                            <a href=\"https:\/\/crcontadores.com.pa\/wp-content\/uploads\/2024\/11\/investor-trader-discussing-statistic-data-holding-papers-with-financial-charts-pen-cropped-shot-broker-job-trading-concept-crcontadores-scaled.jpg\">\r\n                                <img fetchpriority=\"high\" decoding=\"async\" class=\"\" src=\"https:\/\/crcontadores.com.pa\/wp-content\/uploads\/2024\/11\/investor-trader-discussing-statistic-data-holding-papers-with-financial-charts-pen-cropped-shot-broker-job-trading-concept-crcontadores-scaled-840x630.jpg\" width=\"840\" height=\"630\" alt=\"Investor and trader discussing statistical data, holding papers with financial charts and pen. Cropped shot. Broker job or trading concept\" title=\"Investor and trader discussing statistical data\" \/>                            <\/a>\r\n                        <\/div>\r\n                    <\/div>\r\n                            <\/div>\r\n        <\/div>\r\n    <\/div>\r\n\t\t\t\t<\/div>\n\t\t\t\t<\/div>\n\t\t            <\/div>\n        <\/div>\n                    <\/div>\n        <\/section>\n                <section data-particle_enable=\"false\" data-particle-mobile-disabled=\"false\" class=\"elementor-section elementor-top-section elementor-element elementor-element-6acd4ccf ct-row-scroll-fixed ct-column-order elementor-section-boxed elementor-section-height-default elementor-section-height-default ct-header-fixed-none ct-row-gradient--none\" data-id=\"6acd4ccf\" data-element_type=\"section\" data-settings=\"{&quot;background_background&quot;:&quot;classic&quot;}\">\n            \n                        <div class=\"elementor-container elementor-column-gap-extended\">\n                    <div class=\"elementor-column elementor-col-33 elementor-top-column elementor-element elementor-element-736a5d16 ct-column-sticky col-offset-none col-color-offset-none\" data-id=\"736a5d16\" data-element_type=\"column\">\n        <div class=\"elementor-widget-wrap elementor-element-populated\">\n                    \n        \t\t<div class=\"elementor-element elementor-element-40105ac8 elementor-widget elementor-widget-ct_info_box\" data-id=\"40105ac8\" data-element_type=\"widget\" data-widget_type=\"ct_info_box.default\">\n\t\t\t\t<div class=\"elementor-widget-container\">\n\t\t\t\t\t<div class=\"ct-info-box ct-info-box1 bg-image wow fadeInUp\" style=\"background-image:url(http:\/\/crcontadores.com.pa\/wp-content\/uploads\/2024\/12\/servicio4-crcontadores.png);\" data-wow-delay=\"ms\">\r\n\t<div class=\"ct-infobox-inner\">\r\n\t\t<div class=\"item--subtitle el-empty\"><\/div>\r\n\t\t<div class=\"item--title el-empty\">For more information<\/div>\r\n\t\t<div class=\"item--phone el-empty\">557-3452-234<\/div>\r\n\t\t<div class=\"item--desc el-empty\"><\/div>\r\n\t\t\t\t\t<a class=\"ct-info-button\" href=\"https:\/\/darkgrey-parrot-741902.hostingersite.com\/contacto\/\">Contact us<i class=\"fas fa-link\"><\/i><\/a>\r\n\t\t\t<\/div>\r\n<\/div>\t\t\t\t<\/div>\n\t\t\t\t<\/div>\n\t\t\t\t<div class=\"elementor-element elementor-element-91814db elementor-widget elementor-widget-ct_link\" data-id=\"91814db\" data-element_type=\"widget\" data-widget_type=\"ct_link.default\">\n\t\t\t\t<div class=\"elementor-widget-container\">\n\t\t\t\t\t    <div class=\"ct-link1 style1 wow fadeInUp\">\r\n        <ul class=\"ct-link-items\">\r\n                                <li>\r\n                        <a href=\"https:\/\/darkgrey-parrot-741902.hostingersite.com\/servicios\/contabilidad-outsourcing-bpo\/\">\r\n                                                        OUTSOURCING                        <\/a>\r\n                    <\/li>\r\n                                <li>\r\n                        <a href=\"https:\/\/darkgrey-parrot-741902.hostingersite.com\/servicios\/auditorias\/\">\r\n                                                        AUDIT                        <\/a>\r\n                    <\/li>\r\n                                <li>\r\n                        <a href=\"https:\/\/darkgrey-parrot-741902.hostingersite.com\/servicios\/fiscal-y-tributacion\/\">\r\n                                                        TAX                        <\/a>\r\n                    <\/li>\r\n                    <\/ul>\r\n    <\/div>\r\n\t\t\t\t<\/div>\n\t\t\t\t<\/div>\n\t\t            <\/div>\n        <\/div>\n                <div class=\"elementor-column elementor-col-66 elementor-top-column elementor-element elementor-element-4b7e7 ct-column-none col-offset-none col-color-offset-none\" data-id=\"4b7e7\" data-element_type=\"column\">\n        <div class=\"elementor-widget-wrap elementor-element-populated\">\n                    \n        \t\t<div class=\"elementor-element elementor-element-2e8b0a56 elementor-widget elementor-widget-ct_list\" data-id=\"2e8b0a56\" data-element_type=\"widget\" data-widget_type=\"ct_list.default\">\n\t\t\t\t<div class=\"elementor-widget-container\">\n\t\t\t\t\t    <div class=\"ct-list\">\r\n                    <div class=\"ct-list-item wow fadeInUp\">\r\n                                    <div class=\"ct-list-icon\">\r\n                        <i aria-hidden=\"true\" class=\"fas fa-clipboard-check\"><\/i>                    <\/div>\r\n                            \t<div class=\"ct-list-content\">\r\n\t            \tEvaluation and updating of manuals and corporate documents\t            <\/div>\r\n           <\/div>\r\n                    <div class=\"ct-list-item wow fadeInUp\">\r\n                                    <div class=\"ct-list-icon\">\r\n                        <i aria-hidden=\"true\" class=\"fas fa-clipboard-check\"><\/i>                    <\/div>\r\n                            \t<div class=\"ct-list-content\">\r\n\t            \tProcess Diagnosis for Money Laundry Prevention system\t            <\/div>\r\n           <\/div>\r\n                    <div class=\"ct-list-item wow fadeInUp\">\r\n                                    <div class=\"ct-list-icon\">\r\n                        <i aria-hidden=\"true\" class=\"fas fa-clipboard-check\"><\/i>                    <\/div>\r\n                            \t<div class=\"ct-list-content\">\r\n\t            \tOngoing training in money laundering prevention\t            <\/div>\r\n           <\/div>\r\n                    <div class=\"ct-list-item wow fadeInUp\">\r\n                                    <div class=\"ct-list-icon\">\r\n                        <i aria-hidden=\"true\" class=\"fas fa-clipboard-check\"><\/i>                    <\/div>\r\n                            \t<div class=\"ct-list-content\">\r\n\t            \tRisk Management and assessment\t            <\/div>\r\n           <\/div>\r\n            <\/div>\r\n\t\t\t\t<\/div>\n\t\t\t\t<\/div>\n\t\t        <section data-particle_enable=\"false\" data-particle-mobile-disabled=\"false\" class=\"elementor-section elementor-inner-section elementor-element elementor-element-30aae564 elementor-section-boxed elementor-section-height-default elementor-section-height-default ct-header-fixed-none ct-column-none ct-row-scroll-none ct-row-gradient--none\" data-id=\"30aae564\" data-element_type=\"section\">\n            \n                        <div class=\"elementor-container elementor-column-gap-extended\">\n                    <div class=\"elementor-column elementor-col-50 elementor-inner-column elementor-element elementor-element-1969001e ct-column-none col-offset-none col-color-offset-none\" data-id=\"1969001e\" data-element_type=\"column\">\n        <div class=\"elementor-widget-wrap\">\n                    \n                    <\/div>\n        <\/div>\n                <div class=\"elementor-column elementor-col-50 elementor-inner-column elementor-element elementor-element-58c72580 ct-column-none col-offset-none col-color-offset-none\" data-id=\"58c72580\" data-element_type=\"column\">\n        <div class=\"elementor-widget-wrap\">\n                    \n                    <\/div>\n        <\/div>\n                    <\/div>\n        <\/section>\n                    <\/div>\n        <\/div>\n                    <\/div>\n        <\/section>\n        \t\t<\/div>","protected":false},"excerpt":{"rendered":"<p>Follow Us Servicio CONSULTOR\u00cdA Nuestro servicio de consultor\u00eda se enfoca en brindar asesor\u00eda integral en temas de cumplimiento y prevenci\u00f3n bajo la Ley 23 de 2015 y sus modificaciones actuales. Para mayor informaci\u00f3n 557-3452-234 Cont\u00e1ctenos CONTABILIDAD OUTSOURCING BPO AUDITOR\u00cdAS FISCAL Y TRIBUTACI\u00d3N Evaluaci\u00f3n, actualizaci\u00f3n y confecciones de manuales y documentos corporativos Diagn\u00f3stico de los procesos [&hellip;]<\/p>","protected":false},"author":1,"featured_media":0,"parent":10081,"menu_order":0,"comment_status":"closed","ping_status":"closed","template":"","meta":{"footnotes":""},"class_list":["post-10853","page","type-page","status-publish","hentry"],"_links":{"self":[{"href":"https:\/\/crcontadores.com.pa\/en\/wp-json\/wp\/v2\/pages\/10853","targetHints":{"allow":["GET"]}}],"collection":[{"href":"https:\/\/crcontadores.com.pa\/en\/wp-json\/wp\/v2\/pages"}],"about":[{"href":"https:\/\/crcontadores.com.pa\/en\/wp-json\/wp\/v2\/types\/page"}],"author":[{"embeddable":true,"href":"https:\/\/crcontadores.com.pa\/en\/wp-json\/wp\/v2\/users\/1"}],"replies":[{"embeddable":true,"href":"https:\/\/crcontadores.com.pa\/en\/wp-json\/wp\/v2\/comments?post=10853"}],"version-history":[{"count":0,"href":"https:\/\/crcontadores.com.pa\/en\/wp-json\/wp\/v2\/pages\/10853\/revisions"}],"up":[{"embeddable":true,"href":"https:\/\/crcontadores.com.pa\/en\/wp-json\/wp\/v2\/pages\/10081"}],"wp:attachment":[{"href":"https:\/\/crcontadores.com.pa\/en\/wp-json\/wp\/v2\/media?parent=10853"}],"curies":[{"name":"wp","href":"https:\/\/api.w.org\/{rel}","templated":true}]}}