{"id":33,"date":"2021-09-23T03:28:10","date_gmt":"2021-09-23T03:28:10","guid":{"rendered":"https:\/\/demo.casethemes.net\/itfirm\/?page_id=33"},"modified":"2024-12-18T18:24:41","modified_gmt":"2024-12-18T23:24:41","slug":"who-we-are","status":"publish","type":"page","link":"https:\/\/crcontadores.com.pa\/en\/who-we-are\/","title":{"rendered":"Who We Are"},"content":{"rendered":"<div data-elementor-type=\"wp-page\" data-elementor-id=\"33\" class=\"elementor elementor-33\" data-elementor-post-type=\"page\">\n\t\t\t\t        <section data-particle_enable=\"false\" data-particle-mobile-disabled=\"false\" class=\"elementor-section elementor-top-section elementor-element elementor-element-4fa7f850 elementor-section-stretched elementor-section-full_width elementor-section-content-middle elementor-section-height-default elementor-section-height-default ct-header-fixed-none ct-column-none ct-row-scroll-none ct-row-gradient--none ct-container-none\" data-id=\"4fa7f850\" data-element_type=\"section\" data-settings=\"{&quot;stretch_section&quot;:&quot;section-stretched&quot;,&quot;background_background&quot;:&quot;classic&quot;}\">\n            \n                        <div class=\"elementor-container elementor-column-gap-extended\">\n                    <div class=\"elementor-column elementor-col-50 elementor-top-column elementor-element elementor-element-160c6160 col-offset-left ct-column-none col-color-offset-none\" data-id=\"160c6160\" data-element_type=\"column\">\n        <div class=\"elementor-widget-wrap elementor-element-populated\">\n                    \n        \t\t<div class=\"elementor-element elementor-element-53636f6 elementor-widget__width-auto elementor-absolute elementor-widget elementor-widget-ct_social\" data-id=\"53636f6\" data-element_type=\"widget\" data-settings=\"{&quot;_position&quot;:&quot;absolute&quot;}\" data-widget_type=\"ct_social.default\">\n\t\t\t\t<div class=\"elementor-widget-container\">\n\t\t\t\t\t    <div id=\"ct_social-53636f6\" class=\"ct-social-icon2\">\r\n        <div class=\"ct-inline-css\"  data-css=\"                    #ct_social-53636f6.ct-social-icon2 a:before {                background-image: -webkit-gradient(linear, left top, right top, from(#2439FF), to(#9000FF));                background-image: -webkit-linear-gradient(to left, #2439FF, #9000FF);                background-image: -moz-linear-gradient(to left, #2439FF, #9000FF);                background-image: -ms-linear-gradient(to left, #2439FF, #9000FF);                background-image: -o-linear-gradient(to left, #2439FF, #9000FF);                background-image: linear-gradient(to left, #2439FF, #9000FF);                filter: progid:DXImageTransform.Microsoft.gradient(startColorStr='#2439FF', endColorStr='#9000FF', gradientType='1');            }        \">\r\n    <\/div>\r\n                                    <a class=\"ct_social-53636f6-0 icon-actived\" href=\"#\">\r\n                    <i aria-hidden=\"true\" class=\"fab fa-facebook-f\"><\/i>                                    <\/a>\r\n                                                <a class=\"ct_social-53636f6-1 icon-actived\" href=\"#\">\r\n                    <i aria-hidden=\"true\" class=\"fab fa-twitter\"><\/i>                                    <\/a>\r\n                                                <a class=\"ct_social-53636f6-2 icon-actived\" href=\"#\">\r\n                    <i aria-hidden=\"true\" class=\"fab fa-instagram\"><\/i>                                    <\/a>\r\n                            <label class=\"el-empty\">Follow Us<\/label>\r\n    <\/div>\r\n\t\t\t\t<\/div>\n\t\t\t\t<\/div>\n\t\t\t\t<div class=\"elementor-element elementor-element-6990214c elementor-widget elementor-widget-ct_heading\" data-id=\"6990214c\" data-element_type=\"widget\" data-widget_type=\"ct_heading.default\">\n\t\t\t\t<div class=\"elementor-widget-container\">\n\t\t\t\t\t<div id=\"ct_heading-6990214c\" class=\"ct-heading h-align- item-st-default highlight-style1\">\r\n  <div class=\"ct-heading--inner\"> \r\n    <div class=\"ct-inline-css\"  data-css=\"                                \">\r\n    <\/div>\r\n      <div class=\"item--text-below\">\r\n      <div class=\"ct-inline-css\"  data-css=\"        \">\r\n      <\/div>\r\n          <\/div>\r\n  \r\n\t\t\t<div class=\"item--sub-title style-icon-right\" data-wow-delay=\"ms\">\r\n                        <span>\r\n                Who We Are            <\/span>\r\n                            <svg class=\"svg-right\" xmlns=\"http:\/\/www.w3.org\/2000\/svg\" xmlns:xlink=\"http:\/\/www.w3.org\/1999\/xlink\" width=\"33\" height=\"21\" viewbox=\"0 0 33 21\">\r\n                  <defs>\r\n                    <style>\r\n                      .h-cls-1, .h-cls-2 {\r\n                        fill: none;\r\n                        stroke-width: 3px;\r\n                        fill-rule: evenodd;\r\n                      }\r\n\r\n                      .h-cls-1 {\r\n                        filter: url(#filter);\r\n                      }\r\n\r\n                      .h-cls-2 {\r\n                        filter: url(#filter-2);\r\n                      }\r\n                    <\/style>\r\n                    <filter id=\"right-h-filterct_heading-6990214c\" x=\"-0.125\" y=\"-0.094\" width=\"32.406\" height=\"12\" filterunits=\"userSpaceOnUse\">\r\n                      <feflood result=\"flood\"\/>\r\n                      <fecomposite result=\"composite\" operator=\"in\" in2=\"SourceGraphic\"\/>\r\n                      <feblend result=\"blend\" in2=\"SourceGraphic\"\/>\r\n                    <\/filter>\r\n                    <filter id=\"right-h-filter-2ct_heading-6990214c\" x=\"-10\" y=\"14.594\" width=\"29.656\" height=\"6.406\" filterunits=\"userSpaceOnUse\">\r\n                      <feflood result=\"flood\"\/>\r\n                      <fecomposite result=\"composite\" operator=\"in\" in2=\"SourceGraphic\"\/>\r\n                      <feblend result=\"blend\" in2=\"SourceGraphic\"\/>\r\n                    <\/filter>\r\n\r\n                    <lineargradient id=\"right-h-grad1ct_heading-6990214c\" x1=\"0%\" y1=\"0%\" x2=\"100%\" y2=\"0%\">\r\n                      <stop offset=\"0%\" style=\"stop-color:#006cff;stop-opacity:1\" \/>\r\n                      <stop offset=\"100%\" style=\"stop-color:#1227b8;stop-opacity:1\" \/>\r\n                    <\/lineargradient>\r\n\r\n                  <\/defs>\r\n                  <g>\r\n                    <g style=\"fill: none; filter: url(#right-h-filterct_heading-6990214c)\">\r\n                      <path id=\"right-h-pathct_heading-6990214c\" class=\"h-cls-1\" d=\"M-0.117,8.9H27.036s5.078-3.073,0-6.517\" style=\"stroke: inherit; filter: none;\"\/>\r\n                    <\/g>\r\n                    <use xlink:href=\"#right-h-pathct_heading-6990214c\" style=\"stroke: url(#right-h-grad1ct_heading-6990214c); filter: none; fill: none\"\/>\r\n                    <g style=\"fill: none; filter: url(#right-h-filter-2ct_heading-6990214c)\">\r\n                      <path id=\"right-h-bgct_heading-6990214c\" class=\"h-cls-2\" d=\"M-9.991,14.594H17.352s5.114,3.027,0,6.422\" style=\"stroke: inherit; filter: none;\"\/>\r\n                    <\/g>\r\n                    <use xlink:href=\"#right-h-bgct_heading-6990214c\" style=\"stroke: url(#right-h-grad1ct_heading-6990214c); filter: none; fill: none\"\/>\r\n                  <\/g>\r\n                <\/svg>\r\n                    <\/div>\r\n\t    <h3 class=\"item--title st-default\" data-wow-delay=\"ms\">\r\n        <span class=\"ct-text-inner\">We are a firm of         <cite class=\"ct-text-highlight\">\r\n            Auditors        <\/cite>\r\n        and         <cite class=\"ct-text-highlight\">\r\n            Certified Public Accountants        <\/cite>\r\n         and         <cite class=\"ct-text-highlight\">\r\n            Certificates        <\/cite>\r\n        <\/span>    <\/h3>\r\n  <\/div>\r\n<\/div>\r\n\t\t\t\t<\/div>\n\t\t\t\t<\/div>\n\t\t\t\t<div class=\"elementor-element elementor-element-164b873f elementor-widget-divider--view-line elementor-widget elementor-widget-divider\" data-id=\"164b873f\" data-element_type=\"widget\" data-widget_type=\"divider.default\">\n\t\t\t\t<div class=\"elementor-widget-container\">\n\t\t\t\t\t\t\t<div class=\"elementor-divider\">\n\t\t\t<span class=\"elementor-divider-separator\">\n\t\t\t\t\t\t<\/span>\n\t\t<\/div>\n\t\t\t\t\t\t<\/div>\n\t\t\t\t<\/div>\n\t\t\t\t<div class=\"elementor-element elementor-element-75c3235f elementor-widget elementor-widget-ct_text_editor\" data-id=\"75c3235f\" data-element_type=\"widget\" data-widget_type=\"ct_text_editor.default\">\n\t\t\t\t<div class=\"elementor-widget-container\">\n\t\t\t\t\t<div id=\"ct_text_editor-75c3235f\" class=\"ct-text-editor\" data-wow-delay=\"ms\">\n\t<div class=\"ct-item--inner\">\n\t\t<div class=\"ct-inline-css\"  data-css=\"\t        \t\t\t\">\n\n\t    <\/div>\n\t\t<div class=\"ct-text-editor elementor-clearfix\">\n\t\t\t<p>Our team consists of professionals with over 30 years of experience in national and international markets. We stand out for our personalized service, adapting our solutions to the specific needs of our clients, allowing them to effectively manage their resources and comply with existing tax and financial regulations.<\/p>\t\t\n\t\t<\/div>\n\t<\/div>\n<\/div>\t\t\t\t<\/div>\n\t\t\t\t<\/div>\n\t\t\t\t<div class=\"elementor-element elementor-element-591d001 elementor-widget-divider--view-line elementor-widget elementor-widget-divider\" data-id=\"591d001\" data-element_type=\"widget\" data-widget_type=\"divider.default\">\n\t\t\t\t<div class=\"elementor-widget-container\">\n\t\t\t\t\t\t\t<div class=\"elementor-divider\">\n\t\t\t<span class=\"elementor-divider-separator\">\n\t\t\t\t\t\t<\/span>\n\t\t<\/div>\n\t\t\t\t\t\t<\/div>\n\t\t\t\t<\/div>\n\t\t            <\/div>\n        <\/div>\n                <div class=\"elementor-column elementor-col-50 elementor-top-column elementor-element elementor-element-fac6016 col-offset-right-xl ct-column-none col-color-offset-none\" data-id=\"fac6016\" data-element_type=\"column\">\n        <div class=\"elementor-widget-wrap elementor-element-populated\">\n                    \n        \t\t<div class=\"elementor-element elementor-element-46f740ad elementor-widget elementor-widget-ct_particle_animate\" data-id=\"46f740ad\" data-element_type=\"widget\" data-widget_type=\"ct_particle_animate.default\">\n\t\t\t\t<div class=\"elementor-widget-container\">\n\t\t\t\t\t\t<div class=\"ct-particle-animate el-move-inner img-below-content\" data-wow-delay=\"ms\">\r\n\t\t\t\t    <div id=\"ct_particle_animate-46f740ad0\" class=\"top-left shape-animate5\" >\r\n\t\t    \t\t\t\t    \t<div class=\"ct-inline-css\"  data-css=\"\t\t\t            .ct-particle-animate #ct_particle_animate-46f740ad0 {\t\t\t                left: -40px;\t\t\t                top: 0px;\t\t\t            }\">\r\n\t\t\t        <\/div>\r\n\t\t\t    \t\t\t    \t\t\t    \t\t\t    \t\t    \t<img decoding=\"async\" width=\"48\" height=\"184\" src=\"https:\/\/crcontadores.com.pa\/wp-content\/uploads\/2021\/11\/h3-shape1.png\" class=\"attachment-full\" alt=\"\" loading=\"lazy\" \/>\t\t\r\n\t\t    <\/div>\r\n\t\t\t<\/div>\r\n\t\t\t\t<\/div>\n\t\t\t\t<\/div>\n\t\t\t\t<div class=\"elementor-element elementor-element-fb25b5f elementor-widget elementor-widget-ct_gallery_carousel\" data-id=\"fb25b5f\" data-element_type=\"widget\" data-widget_type=\"ct_gallery_carousel.default\">\n\t\t\t\t<div class=\"elementor-widget-container\">\n\t\t\t\t\t    <div class=\"ct-gallery-carousel1 ct-slick-slider slick-dots-style3 style1\">\r\n        <div class=\"ct-carousel-inner\">\r\n            <div class=\"ct-slick-carousel slick-shadow\" data-arrows=\"\" data-dots=\"true\" data-pauseonhover=\"\" data-autoplay=\"\" data-autoplayspeed=\"5000\" data-infinite=\"true\" data-speed=\"500\" data-colxs=\"1\" data-colsm=\"1\" data-colmd=\"1\" data-collg=\"1\" data-colxl=\"1\" data-dir=\"false\" data-slidestoscroll=\"1\" data-fade=\"true\">\r\n                                    <div class=\"carousel-item slick-slide\">\r\n                        <div class=\"item--inner\">\r\n                            <a href=\"https:\/\/crcontadores.com.pa\/wp-content\/uploads\/2024\/11\/cooperation-analyst-chart-professional-paper-economics-crcontadores-scaled.jpg\">\r\n                                <img fetchpriority=\"high\" decoding=\"async\" class=\"\" src=\"https:\/\/crcontadores.com.pa\/wp-content\/uploads\/2024\/11\/cooperation-analyst-chart-professional-paper-economics-crcontadores-scaled-840x630.jpg\" width=\"840\" height=\"630\" alt=\"Business concept. Business people discussing the charts and graphs showing the results of their successful teamwork.\" title=\"cooperation-analyst-chart-professional-paper-economics-crcontadores\" \/>                            <\/a>\r\n                        <\/div>\r\n                    <\/div>\r\n                            <\/div>\r\n        <\/div>\r\n    <\/div>\r\n\t\t\t\t<\/div>\n\t\t\t\t<\/div>\n\t\t            <\/div>\n        <\/div>\n                    <\/div>\n        <\/section>\n                <section data-particle_enable=\"false\" data-particle-mobile-disabled=\"false\" class=\"elementor-section elementor-top-section elementor-element elementor-element-5099d28 elementor-section-boxed elementor-section-height-default elementor-section-height-default ct-header-fixed-none ct-column-none ct-row-scroll-none ct-row-gradient--none\" data-id=\"5099d28\" data-element_type=\"section\">\n            \n                        <div class=\"elementor-container elementor-column-gap-extended\">\n                    <div class=\"elementor-column elementor-col-66 elementor-top-column elementor-element elementor-element-3cf6c49 ct-column-none col-offset-none col-color-offset-none\" data-id=\"3cf6c49\" data-element_type=\"column\">\n        <div class=\"elementor-widget-wrap elementor-element-populated\">\n                    \n        \t\t<div class=\"elementor-element elementor-element-92457bb elementor-widget elementor-widget-ct_tabs\" data-id=\"92457bb\" data-element_type=\"widget\" data-widget_type=\"ct_tabs.default\">\n\t\t\t\t<div class=\"elementor-widget-container\">\n\t\t\t\t\t<div class=\"ct-tabs ct-tabs3 wow fadeInUp content-type-template\" data-wow-delay=\"ms\">\n    <div class=\"ct-tabs--main\">\n        <div class=\"ct-tabs-title\">\n                            <span class=\"ct-tab-title active\" data-target=\"#ct_tabs-92457bb-e40f566\">\n                    <i aria-hidden=\"true\" class=\"flaticon flaticon-light-bulb\"><\/i>                                         Mission        \n                <\/span>\n                            <span class=\"ct-tab-title\" data-target=\"#ct_tabs-92457bb-3082b60\">\n                    <i aria-hidden=\"true\" class=\"far fa-eye\"><\/i>                                        Vision        \n                <\/span>\n                            <span class=\"ct-tab-title\" data-target=\"#ct_tabs-92457bb-7311b88\">\n                    <i aria-hidden=\"true\" class=\"flaticon flaticon-target\"><\/i>                                        Objectives        \n                <\/span>\n                    <\/div>\n\n        <div class=\"ct-tabs-content\">\n                            <div class=\"ct-tab-content\" id=\"ct_tabs-92457bb-e40f566\" style=\"display:block;\">\t\t<div data-elementor-type=\"section\" data-elementor-id=\"10787\" class=\"elementor elementor-10787\" data-elementor-post-type=\"elementor_library\">\r\n\t\t\t        <section data-particle_enable=\"false\" data-particle-mobile-disabled=\"false\" class=\"elementor-section elementor-top-section elementor-element elementor-element-75c67827 elementor-section-boxed elementor-section-height-default elementor-section-height-default ct-header-fixed-none ct-column-none ct-row-scroll-none ct-row-gradient--none\" data-id=\"75c67827\" data-element_type=\"section\">\n            \n                        <div class=\"elementor-container elementor-column-gap-extended\">\n                    <div class=\"elementor-column elementor-col-100 elementor-top-column elementor-element elementor-element-35166264 ct-column-none col-offset-none col-color-offset-none\" data-id=\"35166264\" data-element_type=\"column\">\n        <div class=\"elementor-widget-wrap elementor-element-populated\">\n                    \n        \t\t<div class=\"elementor-element elementor-element-1e94c34e elementor-widget elementor-widget-ct_text_editor\" data-id=\"1e94c34e\" data-element_type=\"widget\" data-widget_type=\"ct_text_editor.default\">\n\t\t\t\t<div class=\"elementor-widget-container\">\n\t\t\t\t\t<div id=\"ct_text_editor-1e94c34e\" class=\"ct-text-editor\" data-wow-delay=\"ms\">\n\t<div class=\"ct-item--inner\">\n\t\t<div class=\"ct-inline-css\"  data-css=\"\t        \t\t\t\">\n\n\t    <\/div>\n\t\t<div class=\"ct-text-editor elementor-clearfix\">\n\t\t\t<p>Provide our clients, together with a highly skilled team, with high-quality accounting, tax, and auditing services. We are dedicated to strengthening financial transparency and fostering trust in business. As strategic partners, we are committed to offering personalized solutions that optimize performance and ensure compliance with current accounting, financial, and tax regulations while promoting an environment of control, integrity, and professionalism.<\/p>\t\t\n\t\t<\/div>\n\t<\/div>\n<\/div>\t\t\t\t<\/div>\n\t\t\t\t<\/div>\n\t\t            <\/div>\n        <\/div>\n                    <\/div>\n        <\/section>\n        \t\t<\/div>\r\n\t\t<\/div>\n                            <div class=\"ct-tab-content\" id=\"ct_tabs-92457bb-3082b60\">\t\t<div data-elementor-type=\"section\" data-elementor-id=\"10800\" class=\"elementor elementor-10800\" data-elementor-post-type=\"elementor_library\">\r\n\t\t\t        <section data-particle_enable=\"false\" data-particle-mobile-disabled=\"false\" class=\"elementor-section elementor-top-section elementor-element elementor-element-567324c2 elementor-section-boxed elementor-section-height-default elementor-section-height-default ct-header-fixed-none ct-column-none ct-row-scroll-none ct-row-gradient--none\" data-id=\"567324c2\" data-element_type=\"section\">\n            \n                        <div class=\"elementor-container elementor-column-gap-extended\">\n                    <div class=\"elementor-column elementor-col-100 elementor-top-column elementor-element elementor-element-6e84d06c ct-column-none col-offset-none col-color-offset-none\" data-id=\"6e84d06c\" data-element_type=\"column\">\n        <div class=\"elementor-widget-wrap elementor-element-populated\">\n                    \n        \t\t<div class=\"elementor-element elementor-element-37631277 elementor-widget elementor-widget-ct_text_editor\" data-id=\"37631277\" data-element_type=\"widget\" data-widget_type=\"ct_text_editor.default\">\n\t\t\t\t<div class=\"elementor-widget-container\">\n\t\t\t\t\t<div id=\"ct_text_editor-37631277\" class=\"ct-text-editor\" data-wow-delay=\"ms\">\n\t<div class=\"ct-item--inner\">\n\t\t<div class=\"ct-inline-css\"  data-css=\"\t        \t\t\t\">\n\n\t    <\/div>\n\t\t<div class=\"ct-text-editor elementor-clearfix\">\n\t\t\t<p><span lang=\"ES-TRAD\">Position ourselves as the leading local firm in accounting, auditing, advisory, and consulting services in the sector, recognized for our innovation, integrity, and commitment to excellence. We aim to empower our clients through timely, clear, and precise financial information, thereby contributing to the sustainable growth of their businesses and strengthening confidence in the local and international business, legal, financial, and tax environments.<\/span><\/p>\t\t\n\t\t<\/div>\n\t<\/div>\n<\/div>\t\t\t\t<\/div>\n\t\t\t\t<\/div>\n\t\t            <\/div>\n        <\/div>\n                    <\/div>\n        <\/section>\n        \t\t<\/div>\r\n\t\t<\/div>\n                            <div class=\"ct-tab-content\" id=\"ct_tabs-92457bb-7311b88\">\t\t<div data-elementor-type=\"section\" data-elementor-id=\"10803\" class=\"elementor elementor-10803\" data-elementor-post-type=\"elementor_library\">\r\n\t\t\t        <section data-particle_enable=\"false\" data-particle-mobile-disabled=\"false\" class=\"elementor-section elementor-top-section elementor-element elementor-element-654f22c3 elementor-section-boxed elementor-section-height-default elementor-section-height-default ct-header-fixed-none ct-column-none ct-row-scroll-none ct-row-gradient--none\" data-id=\"654f22c3\" data-element_type=\"section\">\n            \n                        <div class=\"elementor-container elementor-column-gap-extended\">\n                    <div class=\"elementor-column elementor-col-100 elementor-top-column elementor-element elementor-element-f42e027 ct-column-none col-offset-none col-color-offset-none\" data-id=\"f42e027\" data-element_type=\"column\">\n        <div class=\"elementor-widget-wrap elementor-element-populated\">\n                    \n        \t\t<div class=\"elementor-element elementor-element-67bd5c48 elementor-widget elementor-widget-ct_text_editor\" data-id=\"67bd5c48\" data-element_type=\"widget\" data-widget_type=\"ct_text_editor.default\">\n\t\t\t\t<div class=\"elementor-widget-container\">\n\t\t\t\t\t<div id=\"ct_text_editor-67bd5c48\" class=\"ct-text-editor\" data-wow-delay=\"ms\">\n\t<div class=\"ct-item--inner\">\n\t\t<div class=\"ct-inline-css\"  data-css=\"\t        \t\t\t\">\n\n\t    <\/div>\n\t\t<div class=\"ct-text-editor elementor-clearfix\">\n\t\t\t<p>Our objective is to provide our clients with financial, tax, and accounting solutions that allow them to effectively manage their resources and comply with the applicable tax regulations. This includes a wide range of services such as general accounting, preparation and endorsement of tax returns, financial reports and statements, tax planning, consulting, auditing, and financial advisory. Essentially, we seek to facilitate transparency and financial health for legal entities and individuals, enabling them to focus on their core business while ensuring compliance and optimization of their operations.<\/p>\t\t\n\t\t<\/div>\n\t<\/div>\n<\/div>\t\t\t\t<\/div>\n\t\t\t\t<\/div>\n\t\t            <\/div>\n        <\/div>\n                    <\/div>\n        <\/section>\n        \t\t<\/div>\r\n\t\t<\/div>\n                    <\/div>\n    <\/div>\n<\/div>\t\t\t\t<\/div>\n\t\t\t\t<\/div>\n\t\t            <\/div>\n        <\/div>\n                <div class=\"elementor-column elementor-col-50 elementor-top-column elementor-element elementor-element-244f4bd ct-column-none col-offset-none col-color-offset-none\" data-id=\"244f4bd\" data-element_type=\"column\">\n        <div class=\"elementor-widget-wrap elementor-element-populated\">\n                    \n        \t\t<div class=\"elementor-element elementor-element-9977bd5 elementor-widget elementor-widget-ct_banner\" data-id=\"9977bd5\" data-element_type=\"widget\" data-widget_type=\"ct_banner.default\">\n\t\t\t\t<div class=\"elementor-widget-container\">\n\t\t\t\t\t\t<div class=\"ct-banner ct-banner2\" data-wow-delay=\"ms\">\r\n\t\t<div class=\"ct-banner-inner\">\r\n\t\t\t<div class=\"ct-banner-image\">\r\n\t\t\t\t<img decoding=\"async\" class=\"\" src=\"https:\/\/crcontadores.com.pa\/wp-content\/uploads\/2024\/11\/paper-job-office-teamwork-business-analyst-crcontadores-scaled-600x473.jpg\" width=\"600\" height=\"473\" alt=\"Business concept. Business people discussing the charts and graphs showing the results of their successful teamwork.\" title=\"paper-job-office-teamwork-business-analyst-crcounters\" loading=\"lazy\" \/>\t\t\t<\/div>\r\n\t\t\t\t\t\t\t<div class=\"ct-banner-shape\">\r\n\t\t\t\t\t<img loading=\"lazy\" decoding=\"async\" width=\"99\" height=\"98\" src=\"https:\/\/crcontadores.com.pa\/wp-content\/uploads\/2023\/03\/h9-shape5.png\" class=\"attachment-full\" alt=\"\" \/>\t\t\t\t<\/div>\r\n\t\t\t\t\t<\/div>\r\n\t<\/div>\r\n\t\t\t\t<\/div>\n\t\t\t\t<\/div>\n\t\t            <\/div>\n        <\/div>\n                    <\/div>\n        <\/section>\n        \t\t<\/div>","protected":false},"excerpt":{"rendered":"<p>Follow Us Qui\u00e9nes Somos Somos una firma de Auditores y Contadores P\u00fablicos Autorizados y Certificados Por la Junta T\u00e9cnica de Contabilidad de la Rep\u00fablica de Panam\u00e1. Nuestro equipo est\u00e1 compuesto por profesionales con m\u00e1s de 30 a\u00f1os de experiencia en los mercados nacional e internacional. Nos destacamos por ofrecer una atenci\u00f3n personalizada, adaptando nuestras soluciones [&hellip;]<\/p>","protected":false},"author":1,"featured_media":0,"parent":0,"menu_order":0,"comment_status":"closed","ping_status":"closed","template":"","meta":{"footnotes":""},"class_list":["post-33","page","type-page","status-publish","hentry"],"_links":{"self":[{"href":"https:\/\/crcontadores.com.pa\/en\/wp-json\/wp\/v2\/pages\/33","targetHints":{"allow":["GET"]}}],"collection":[{"href":"https:\/\/crcontadores.com.pa\/en\/wp-json\/wp\/v2\/pages"}],"about":[{"href":"https:\/\/crcontadores.com.pa\/en\/wp-json\/wp\/v2\/types\/page"}],"author":[{"embeddable":true,"href":"https:\/\/crcontadores.com.pa\/en\/wp-json\/wp\/v2\/users\/1"}],"replies":[{"embeddable":true,"href":"https:\/\/crcontadores.com.pa\/en\/wp-json\/wp\/v2\/comments?post=33"}],"version-history":[{"count":0,"href":"https:\/\/crcontadores.com.pa\/en\/wp-json\/wp\/v2\/pages\/33\/revisions"}],"wp:attachment":[{"href":"https:\/\/crcontadores.com.pa\/en\/wp-json\/wp\/v2\/media?parent=33"}],"curies":[{"name":"wp","href":"https:\/\/api.w.org\/{rel}","templated":true}]}}